{"id":2989,"date":"2025-10-27T16:19:37","date_gmt":"2025-10-27T16:19:37","guid":{"rendered":"https:\/\/preludeintime.com\/?post_type=product&#038;p=2989"},"modified":"2026-02-12T16:18:45","modified_gmt":"2026-02-12T16:18:45","slug":"elgha","status":"publish","type":"product","link":"https:\/\/preludeintime.com\/?product=elgha","title":{"rendered":"Elgha"},"content":{"rendered":"<h1>Elgha<\/h1>\n<div>\n<p>Levantadora elaborada en sat\u00e9n, manga larga, con detalles de encaje chantilly en pu\u00f1o y base, cintur\u00f3n para ajustar la prenda a la cintura; puede llevar bordado personalizado.<\/p>\n<\/p>\n<\/div>\n<div>\n<p><em>SOBRE MEDIDAS<\/em><\/p>\n<\/p>\n<\/div>\n<p><p>\n        <a href=\"https:\/\/api.whatsapp.com\/send\/?phone=573142355242\">Agendar Cita<\/a>\n    <\/p>\n<\/p>\n<p><!--more--><br \/>\n<!-- {\"type\":\"layout\",\"children\":[{\"type\":\"section\",\"props\":{\"image_position\":\"center-center\",\"padding_top\":\"none\",\"style\":\"default\",\"title_breakpoint\":\"xl\",\"title_position\":\"top-left\",\"title_rotation\":\"left\",\"vertical_align\":\"\",\"width\":\"expand\"},\"children\":[{\"type\":\"row\",\"children\":[{\"type\":\"column\",\"props\":{\"image_position\":\"center-center\",\"position_sticky_breakpoint\":\"m\"},\"children\":[{\"type\":\"woo_images\",\"props\":{\"class\":\" uk-hidden@s, uk-hidden@m\"}}]}]},{\"type\":\"row\",\"props\":{\"layout\":\"1-2,1-2\",\"row_gap\":\"large\",\"width\":\"expand\"},\"children\":[{\"type\":\"column\",\"props\":{\"image_position\":\"center-center\",\"position_sticky\":\"column\",\"position_sticky_breakpoint\":\"m\",\"position_sticky_offset\":\"50vh -50%\",\"style\":\"tile-default\",\"width_large\":\"1-2\"},\"children\":[{\"type\":\"headline\",\"props\":{\"block_align\":\"center\",\"content\":\"Elgha\",\"image_align\":\"left\",\"image_margin\":\"xsmall\",\"text_align\":\"left\",\"title_color\":\"primary\",\"title_element\":\"h1\",\"title_font_family\":\"tertiary\",\"title_style\":\"heading-small\"}},{\"type\":\"text\",\"props\":{\"column_breakpoint\":\"m\",\"content\":\"\n\n<p>Levantadora elaborada en sat\u00e9n, manga larga, con detalles de encaje chantilly en pu\u00f1o y base, cintur\u00f3n para ajustar la prenda a la cintura; puede llevar bordado personalizado.<\/p>\n\n\\n\n\n\n\n\",\"margin_bottom\":\"default\",\"margin_top\":\"default\"}},{\"type\":\"text\",\"props\":{\"column_breakpoint\":\"m\",\"content\":\"\n\n<p><em>SOBRE MEDIDAS<\/em><\/p>\n\n\\n\n\n\n\n\",\"margin_bottom\":\"default\",\"margin_top\":\"default\"}},{\"type\":\"button\",\"props\":{\"grid_column_gap\":\"small\",\"grid_row_gap\":\"small\",\"margin_bottom\":\"default\",\"margin_top\":\"default\"},\"children\":[{\"type\":\"button_item\",\"props\":{\"button_style\":\"default\",\"content\":\"Agendar Cita\",\"dialog_layout\":\"modal\",\"dialog_offcanvas_flip\":true,\"icon\":\"whatsapp\",\"icon_align\":\"left\",\"link\":\"https:\/\/api.whatsapp.com\/send\/?phone=573142355242\"}}]}]},{\"type\":\"column\",\"props\":{\"image_position\":\"center-center\",\"order_first\":\"l\",\"padding\":\"none\",\"position_sticky_breakpoint\":\"m\",\"width_large\":\"1-2\"},\"children\":[{\"type\":\"woo_images\",\"props\":{\"class\":\"uk-visible@s, uk-visible@m\"}}]}]}],\"name\":\"PC\"}],\"version\":\"5.0.7\"} --><\/p>\n","protected":false},"excerpt":{"rendered":"<p>Levantadora elaborada en sat\u00e9n, manga larga, con detalles de encaje chantilly en pu\u00f1o y base, cintur\u00f3n para ajustar la prenda a la cintura; puede llevar bordado personalizado.<\/p>\n","protected":false},"featured_media":4672,"comment_status":"open","ping_status":"closed","template":"","meta":{"_acf_changed":false},"product_brand":[],"product_cat":[22],"product_tag":[],"class_list":{"0":"post-2989","1":"product","2":"type-product","3":"status-publish","4":"has-post-thumbnail","6":"product_cat-levantadoras","8":"first","9":"instock","10":"shipping-taxable","11":"product-type-simple"},"acf":[],"_links":{"self":[{"href":"https:\/\/preludeintime.com\/index.php?rest_route=\/wp\/v2\/product\/2989","targetHints":{"allow":["GET"]}}],"collection":[{"href":"https:\/\/preludeintime.com\/index.php?rest_route=\/wp\/v2\/product"}],"about":[{"href":"https:\/\/preludeintime.com\/index.php?rest_route=\/wp\/v2\/types\/product"}],"replies":[{"embeddable":true,"href":"https:\/\/preludeintime.com\/index.php?rest_route=%2Fwp%2Fv2%2Fcomments&post=2989"}],"wp:featuredmedia":[{"embeddable":true,"href":"https:\/\/preludeintime.com\/index.php?rest_route=\/wp\/v2\/media\/4672"}],"wp:attachment":[{"href":"https:\/\/preludeintime.com\/index.php?rest_route=%2Fwp%2Fv2%2Fmedia&parent=2989"}],"wp:term":[{"taxonomy":"product_brand","embeddable":true,"href":"https:\/\/preludeintime.com\/index.php?rest_route=%2Fwp%2Fv2%2Fproduct_brand&post=2989"},{"taxonomy":"product_cat","embeddable":true,"href":"https:\/\/preludeintime.com\/index.php?rest_route=%2Fwp%2Fv2%2Fproduct_cat&post=2989"},{"taxonomy":"product_tag","embeddable":true,"href":"https:\/\/preludeintime.com\/index.php?rest_route=%2Fwp%2Fv2%2Fproduct_tag&post=2989"}],"curies":[{"name":"wp","href":"https:\/\/api.w.org\/{rel}","templated":true}]}}