{"id":4090,"date":"2025-12-10T13:56:58","date_gmt":"2025-12-10T13:56:58","guid":{"rendered":"https:\/\/preludeintime.com\/?page_id=4090"},"modified":"2026-01-23T22:47:56","modified_gmt":"2026-01-23T22:47:56","slug":"discrecion-y-confianza","status":"publish","type":"page","link":"https:\/\/preludeintime.com\/?page_id=4090","title":{"rendered":"Discreci\u00f3n y confianza"},"content":{"rendered":"<div>\n<p>        <img decoding=\"async\" src=\"\/wp-content\/uploads\/2025\/12\/DSC_5446-scaled.jpg\" alt=\"\"><\/p>\n<h3>Discreci\u00f3n y confianza<\/h3>\n<p>PR\u00c9LUDE INTIME<\/p>\n<div>\n<p style=\"text-align: center;\">\u201cLa verdadera elegancia nace de la confianza. Cada dise\u00f1o a medida se crea en un entorno de absoluta discreci\u00f3n, donde tu esencia femenina es respetada y celebrada. Con un cuidado artesanal y un compromiso silencioso, transformamos la intimidad en arte, ofreci\u00e9ndote una experiencia \u00fanica que combina seguridad, estilo y distinci\u00f3n.\u201d<\/p>\n<\/div>\n<p><a href=\"\/?page_id=2469\">DESCUBRIR Colecci\u00f3n <\/a><\/p>\n<\/div>\n<h1>\n<p><strong>Lencer\u00eda creada para contar tu historia.<\/strong><\/p>\n<p>Piezas \u00fanicas, confeccionadas a medida, que celebran tu feminidad y te acompa\u00f1an en los momentos m\u00e1s inolvidables de tu vida.<\/p>\n<\/h1>\n<p><p>\n        <a href=\"\/?page_id=2469\">DESCUBRe tu ajuar<\/a>\n    <\/p>\n<\/p>\n<ul>\n<li>\n        <img decoding=\"async\" src=\"\/wp-content\/uploads\/2025\/10\/icono-clientes-2.png\" alt=\"\"><\/p>\n<p><a href=\"https:\/\/api.whatsapp.com\/send\/?phone=573142355242\">Atenci\u00f3n al cliente<\/a><\/p>\n<p>Estamos aqu\u00ed para atenderte<\/p>\n<\/li>\n<li>\n        <img decoding=\"async\" src=\"\/wp-content\/uploads\/2025\/10\/icono-clientes-3.png\" alt=\"\"><\/p>\n<p><a href=\"\/?page_id=4090\">Discreci\u00f3n y Confianza<\/a><\/p>\n<p>Confianza total y m\u00e1xima discreci\u00f3n<\/p>\n<\/li>\n<\/ul>\n<p><!--more--><br \/>\n<!-- {\"type\":\"layout\",\"children\":[{\"type\":\"section\",\"props\":{\"image_position\":\"center-center\",\"padding_bottom\":\"none\",\"padding_top\":\"none\",\"style\":\"muted\",\"title_breakpoint\":\"xl\",\"title_position\":\"top-left\",\"title_rotation\":\"left\",\"vertical_align\":\"middle\",\"width\":\"expand\"},\"children\":[{\"type\":\"row\",\"children\":[{\"type\":\"column\",\"props\":{\"image_position\":\"center-center\",\"position_sticky_breakpoint\":\"m\"}}]},{\"type\":\"row\",\"children\":[{\"type\":\"column\",\"props\":{\"image_position\":\"center-center\",\"position_sticky_breakpoint\":\"m\"},\"children\":[{\"name\":\"Overlay Content Center Right\",\"type\":\"overlay\",\"props\":{\"content\":\"\n\n<p style=\\\"text-align: center;\\\">\u201cLa verdadera elegancia nace de la confianza. Cada dise\u00f1o a medida se crea en un entorno de absoluta discreci\u00f3n, donde tu esencia femenina es respetada y celebrada. Con un cuidado artesanal y un compromiso silencioso, transformamos la intimidad en arte, ofreci\u00e9ndote una experiencia \u00fanica que combina seguridad, estilo y distinci\u00f3n.\u201d<\/p>\n\n\",\"image\":\"wp-content\/uploads\/2025\/12\/DSC_5446-scaled.jpg\",\"image_min_height\":\"600\",\"link\":\"?page_id=2469\",\"link_margin\":\"medium\",\"link_style\":\"primary\",\"link_text\":\"DESCUBRIR Colecci\u00f3n \",\"margin_bottom\":\"medium\",\"margin_top\":\"medium\",\"media_overlay\":\"rgba(0, 0, 0, 0.47)\",\"meta\":\"PR\u00c9LUDE INTIME\",\"meta_align\":\"above-title\",\"meta_element\":\"div\",\"meta_style\":\"h5\",\"overlay_hover\":false,\"overlay_link\":true,\"overlay_maxwidth\":\"xlarge\",\"overlay_mode\":\"cover\",\"overlay_padding\":\"large\",\"overlay_position\":\"center-right\",\"overlay_style\":\"\",\"overlay_transition\":\"fade\",\"text_align\":\"center\",\"text_color\":\"light\",\"title\":\"Discreci\u00f3n y confianza\",\"title_element\":\"h3\",\"title_hover_style\":\"reset\",\"title_link\":true,\"title_style\":\"h1\"}}]}]},{\"type\":\"row\",\"children\":[{\"type\":\"column\",\"props\":{\"image_position\":\"center-center\",\"position_sticky_breakpoint\":\"m\"}}]}]},{\"type\":\"section\",\"props\":{\"image\":\"wp-content\/uploads\/2025\/12\/Encaje-Banner3-1500-x-820-px.png\",\"image_effect\":\"fixed\",\"image_position\":\"center-center\",\"image_size\":\"cover\",\"media_overlay\":\"rgba(247, 246, 246, 0.76)\",\"style\":\"default\",\"title_breakpoint\":\"xl\",\"title_position\":\"top-left\",\"title_rotation\":\"left\",\"vertical_align\":\"middle\",\"width\":\"default\"},\"children\":[{\"type\":\"row\",\"children\":[{\"type\":\"column\",\"props\":{\"image_position\":\"center-center\",\"position_sticky_breakpoint\":\"m\"}}]},{\"type\":\"row\",\"children\":[{\"type\":\"column\",\"props\":{\"image_position\":\"center-center\",\"position_sticky_breakpoint\":\"m\"},\"children\":[{\"type\":\"headline\",\"props\":{\"content\":\"\n\n<p><strong>Lencer\u00eda creada para contar tu historia.<\/strong><\/p>\n\n\\n\n\n<p>Piezas \u00fanicas, confeccionadas a medida, que celebran tu feminidad y te acompa\u00f1an en los momentos m\u00e1s inolvidables de tu vida.<\/p>\n\n\",\"image_align\":\"left\",\"image_margin\":\"xsmall\",\"text_align\":\"center\",\"title_element\":\"h1\"}},{\"type\":\"button\",\"props\":{\"grid_column_gap\":\"small\",\"grid_row_gap\":\"small\",\"margin_bottom\":\"default\",\"margin_top\":\"default\",\"text_align\":\"center\"},\"children\":[{\"type\":\"button_item\",\"props\":{\"button_style\":\"default\",\"content\":\"DESCUBRe tu ajuar\",\"dialog_layout\":\"modal\",\"dialog_offcanvas_flip\":true,\"icon_align\":\"left\",\"link\":\"?page_id=2469\"}}]}]}]},{\"type\":\"row\",\"children\":[{\"type\":\"column\",\"props\":{\"image_position\":\"center-center\",\"position_sticky_breakpoint\":\"m\"}}]}],\"name\":\"encaje2027\"},{\"type\":\"section\",\"props\":{\"image_position\":\"center-center\",\"style\":\"default\",\"title_breakpoint\":\"xl\",\"title_position\":\"top-left\",\"title_rotation\":\"left\",\"vertical_align\":\"middle\",\"width\":\"default\"},\"children\":[{\"type\":\"row\",\"children\":[{\"type\":\"column\",\"props\":{\"image_position\":\"center-center\",\"position_sticky_breakpoint\":\"m\"},\"children\":[{\"name\":\"Nav Style Secondary Subtitles\",\"type\":\"nav\",\"children\":[{\"type\":\"nav_item\",\"props\":{\"content\":\"Atenci\u00f3n al cliente\",\"image\":\"wp-content\/uploads\/2025\/10\/icono-clientes-2.png\",\"link\":\"https:\/\/api.whatsapp.com\/send\/?phone=573142355242\",\"link_target\":true,\"meta\":\"Estamos aqu\u00ed para atenderte\"}},{\"type\":\"nav_item\",\"props\":{\"content\":\"Discreci\u00f3n y Confianza\",\"image\":\"wp-content\/uploads\/2025\/10\/icono-clientes-3.png\",\"link\":\"?page_id=4090\",\"meta\":\"Confianza total y m\u00e1xima discreci\u00f3n\"}}],\"props\":{\"grid\":\"3\",\"grid_column_gap\":\"large\",\"grid_divider\":false,\"grid_row_gap\":\"large\",\"image_margin\":true,\"image_svg_color\":\"primary\",\"image_svg_inline\":true,\"image_vertical_align\":false,\"image_width\":\"50\",\"nav_divider\":false,\"nav_style\":\"secondary\",\"show_image\":true,\"show_meta\":true,\"text_align\":\"center\"}}]}]}],\"name\":\"Iconos2027\"}],\"version\":\"5.0.4\"} --><\/p>\n","protected":false},"excerpt":{"rendered":"<p>Discreci\u00f3n y confianza PR\u00c9LUDE INTIME \u201cLa verdadera elegancia nace de la confianza. Cada dise\u00f1o a medida se crea en un entorno de absoluta discreci\u00f3n, donde tu esencia femenina es respetada y celebrada. Con un cuidado artesanal y un compromiso silencioso, transformamos la intimidad en arte, ofreci\u00e9ndote una experiencia \u00fanica que combina seguridad, estilo y distinci\u00f3n.\u201d [&hellip;]<\/p>\n","protected":false},"author":1,"featured_media":0,"parent":0,"menu_order":0,"comment_status":"closed","ping_status":"closed","template":"","meta":{"_acf_changed":false,"footnotes":""},"class_list":["post-4090","page","type-page","status-publish","hentry"],"acf":[],"_links":{"self":[{"href":"https:\/\/preludeintime.com\/index.php?rest_route=\/wp\/v2\/pages\/4090","targetHints":{"allow":["GET"]}}],"collection":[{"href":"https:\/\/preludeintime.com\/index.php?rest_route=\/wp\/v2\/pages"}],"about":[{"href":"https:\/\/preludeintime.com\/index.php?rest_route=\/wp\/v2\/types\/page"}],"author":[{"embeddable":true,"href":"https:\/\/preludeintime.com\/index.php?rest_route=\/wp\/v2\/users\/1"}],"replies":[{"embeddable":true,"href":"https:\/\/preludeintime.com\/index.php?rest_route=%2Fwp%2Fv2%2Fcomments&post=4090"}],"version-history":[{"count":34,"href":"https:\/\/preludeintime.com\/index.php?rest_route=\/wp\/v2\/pages\/4090\/revisions"}],"predecessor-version":[{"id":4231,"href":"https:\/\/preludeintime.com\/index.php?rest_route=\/wp\/v2\/pages\/4090\/revisions\/4231"}],"wp:attachment":[{"href":"https:\/\/preludeintime.com\/index.php?rest_route=%2Fwp%2Fv2%2Fmedia&parent=4090"}],"curies":[{"name":"wp","href":"https:\/\/api.w.org\/{rel}","templated":true}]}}