{"id":3096,"date":"2025-11-05T19:06:21","date_gmt":"2025-11-05T19:06:21","guid":{"rendered":"https:\/\/preludeintime.com\/?page_id=3096"},"modified":"2026-02-02T22:33:20","modified_gmt":"2026-02-02T22:33:20","slug":"home","status":"publish","type":"page","link":"https:\/\/preludeintime.com\/","title":{"rendered":"Home"},"content":{"rendered":"<ul>\n<li>\n<p>        <img decoding=\"async\" src=\"\/wp-content\/uploads\/2026\/01\/1EVOCACION-BANNER680-x-950-px.png\" alt=\"\"><\/p>\n<p><a href=\"\/?page_id=2681\"><\/a><\/p>\n<\/li>\n<li>\n<p>        <img decoding=\"async\" src=\"\/wp-content\/uploads\/2025\/12\/FLEUR.png\" alt=\"\"><\/p>\n<p><a href=\"\/?page_id=2685\"><\/a><\/p>\n<\/li>\n<li>\n<p>        <img decoding=\"async\" src=\"\/wp-content\/uploads\/2025\/12\/LEVANTADORAS.png\" alt=\"\"><\/p>\n<p><a href=\"\/?page_id=2690\"><\/a><\/p>\n<\/li>\n<li>\n<p>        <img decoding=\"async\" src=\"\/wp-content\/uploads\/2026\/01\/BRALETTE-PANTYS680-x-950-px-1.png\" alt=\"\"><\/p>\n<p><a href=\"\/?page_id=2694\"><\/a><\/p>\n<\/li>\n<\/ul>\n<ul>\n<li>\n<p>        <img decoding=\"async\" src=\"\/wp-content\/uploads\/2026\/01\/1EVOCACION-BANNER680-x-950-px.png\" alt=\"\"><\/p>\n<p><a href=\"\/?page_id=2681\"><\/a><\/p>\n<\/li>\n<li>\n<p>        <img decoding=\"async\" src=\"\/wp-content\/uploads\/2025\/12\/FLEUR.png\" alt=\"\"><\/p>\n<p><a href=\"\/?page_id=2685\"><\/a><\/p>\n<\/li>\n<li>\n<p>        <img decoding=\"async\" src=\"\/wp-content\/uploads\/2025\/12\/LEVANTADORAS.png\" alt=\"\"><\/p>\n<p><a href=\"\/?page_id=2690\"><\/a><\/p>\n<\/li>\n<li>\n<p>        <img decoding=\"async\" src=\"\/wp-content\/uploads\/2026\/01\/BRALETTE-PANTYS680-x-950-px-1.png\" alt=\"\"><\/p>\n<p><a href=\"\/?page_id=2694\"><\/a><\/p>\n<\/li>\n<\/ul>\n<h1>\n<p><strong>Lencer\u00eda creada para contar tu historia.<\/strong><\/p>\n<p style=\"text-align: center;\">Piezas \u00fanicas, confeccionadas a medida,<br \/>que celebran tu feminidad y te acompa\u00f1an<br \/>en los momentos m\u00e1s inolvidables de tu vida.<\/p>\n<\/h1>\n<p><p>\n        <a href=\"\/?page_id=2469\">CONOCE NUESTRAS PROPUESTAS <\/a>\n    <\/p>\n<\/p>\n<div>\n<p>        <img decoding=\"async\" src=\"\/wp-content\/uploads\/2025\/11\/HOME-grisPrelude-2.png\" alt=\"\"><\/p>\n<div>El arte de lo exclusivo y la personalizaci\u00f3n.<\/div>\n<div>\n<h3 style=\"text-align: center;\"><span dir=\"auto\" style=\"vertical-align: inherit;\"><span dir=\"auto\" style=\"vertical-align: inherit;\">Desde el primer encaje hasta el \u00faltimo detalle, transformamos cada prenda en una experiencia \u00edntima, rom\u00e1ntica y hecha solo para ti.<\/span><\/span><\/h3>\n<\/div>\n<p><a href=\"\/?page_id=2463\">NOSOTROS<\/a><\/p>\n<\/div>\n<ul>\n<li>\n        <img decoding=\"async\" src=\"\/wp-content\/uploads\/2025\/10\/icono-clientes-2.png\" alt=\"\"><\/p>\n<p><a href=\"https:\/\/api.whatsapp.com\/send\/?phone=573142355242\">Atenci\u00f3n al cliente<\/a><\/p>\n<p>Estamos aqu\u00ed para atenderte<\/p>\n<\/li>\n<li>\n        <img decoding=\"async\" src=\"\/wp-content\/uploads\/2025\/10\/icono-clientes-3.png\" alt=\"\"><\/p>\n<p><a href=\"\/?page_id=4090\">Discreci\u00f3n y Confianza<\/a><\/p>\n<p>Confianza total y m\u00e1xima discreci\u00f3n<\/p>\n<\/li>\n<\/ul>\n<div>\n<h2>&#8220;Cada puntada cuenta una historia&#8230;&#8230;..la tuya&#8221;<\/h2>\n<div>\n<p><span dir=\"auto\" style=\"vertical-align: inherit;\"><span dir=\"auto\" style=\"vertical-align: inherit;\">En Pr\u00e9lude Intime, unimos tradici\u00f3n artesanal, dise\u00f1o de autor y materiales de lujo, para crear lencer\u00eda que resalta tu esencia.<\/span><\/span><\/p>\n<\/div>\n<p><a href=\"\/?page_id=2469\">DESCUBRE TU AJUAR<\/a><\/p>\n<\/div>\n<p><img decoding=\"async\" src=\"\/wp-content\/uploads\/2025\/12\/nosotros-movil.png\" alt=\"\"><\/p>\n<div>\n<h2>&#8220;Cada puntada cuenta una historia&#8230;&#8230;..la tuya&#8221;<\/h2>\n<div>\n<p><span dir=\"auto\" style=\"vertical-align: inherit;\"><span dir=\"auto\" style=\"vertical-align: inherit;\">En Pr\u00e9lude Intime, unimos tradici\u00f3n artesanal, dise\u00f1o de autor y materiales de lujo, para crear lencer\u00eda que resalta tu esencia.<\/span><\/span><\/p>\n<\/div>\n<p><a href=\"\/?page_id=2469\">DESCUBRE TU AJUAR<\/a><\/p>\n<\/div>\n<p><!--more--><br \/>\n<!-- {\"type\":\"layout\",\"children\":[{\"type\":\"section\",\"props\":{\"image_position\":\"center-center\",\"padding_remove_horizontal\":true,\"padding_top\":\"none\",\"style\":\"default\",\"title_breakpoint\":\"xl\",\"title_position\":\"top-left\",\"title_rotation\":\"left\",\"vertical_align\":\"middle\",\"width\":\"large\"},\"children\":[{\"type\":\"row\",\"children\":[{\"type\":\"column\",\"props\":{\"image_position\":\"center-center\",\"position_sticky_breakpoint\":\"m\"},\"children\":[{\"type\":\"panel-slider\",\"props\":{\"class\":\"uk-visible@s, uk-visible@m\",\"content_column_breakpoint\":\"m\",\"image_align\":\"top\",\"image_grid_breakpoint\":\"m\",\"image_grid_width\":\"1-2\",\"image_link\":true,\"image_svg_color\":\"emphasis\",\"image_text_color\":\"dark\",\"link_size\":\"small\",\"link_style\":\"primary\",\"link_text\":\"\",\"margin_bottom\":\"medium\",\"margin_top\":\"medium\",\"meta_align\":\"below-title\",\"meta_element\":\"div\",\"meta_margin\":\"remove\",\"meta_style\":\"h5\",\"nav\":\"\",\"nav_align\":\"center\",\"nav_breakpoint\":\"\",\"nav_margin\":\"medium\",\"panel_card_offset\":false,\"panel_image_no_padding\":true,\"panel_match\":true,\"panel_padding\":\"default\",\"show_content\":true,\"show_hover_image\":true,\"show_hover_video\":true,\"show_image\":true,\"show_link\":true,\"show_meta\":true,\"show_title\":true,\"show_video\":true,\"slidenav\":\"default\",\"slidenav_breakpoint\":\"\",\"slidenav_hover\":true,\"slidenav_margin\":\"medium\",\"slidenav_outside_breakpoint\":\"xl\",\"slider_autoplay\":true,\"slider_autoplay_pause\":true,\"slider_center\":false,\"slider_gap\":\"\",\"slider_velocity\":\"2.2\",\"slider_width\":\"fixed\",\"slider_width_default\":\"4-5\",\"slider_width_large\":\"1-4\",\"slider_width_medium\":\"1-4\",\"slider_width_small\":\"1-3\",\"title_align\":\"left\",\"title_color\":\"primary\",\"title_element\":\"h3\",\"title_grid_breakpoint\":\"m\",\"title_grid_width\":\"1-2\",\"title_hover_style\":\"reset\",\"title_link\":true,\"title_style\":\"h3\"},\"children\":[{\"type\":\"panel-slider_item\",\"props\":{\"hover_video\":\"\",\"image\":\"wp-content\/uploads\/2026\/01\/1EVOCACION-BANNER680-x-950-px.png\",\"item_element\":\"article\",\"link\":\"?page_id=2681\",\"meta\":\"\",\"title\":\"\"}},{\"type\":\"panel-slider_item\",\"props\":{\"hover_video\":\"\",\"image\":\"wp-content\/uploads\/2025\/12\/FLEUR.png\",\"item_element\":\"article\",\"link\":\"?page_id=2685\",\"meta\":\"\",\"title\":\"\"}},{\"type\":\"panel-slider_item\",\"props\":{\"hover_video\":\"\",\"image\":\"wp-content\/uploads\/2025\/12\/LEVANTADORAS.png\",\"item_element\":\"article\",\"link\":\"?page_id=2690\",\"meta\":\"\",\"title\":\"\"}},{\"type\":\"panel-slider_item\",\"props\":{\"hover_video\":\"\",\"image\":\"wp-content\/uploads\/2026\/01\/BRALETTE-PANTYS680-x-950-px-1.png\",\"item_element\":\"article\",\"link\":\"?page_id=2694\",\"meta\":\"\",\"title\":\"\"}}],\"modified\":\"2022-01-17T14:02:29.951Z\"}]}]},{\"type\":\"row\",\"children\":[{\"type\":\"column\",\"props\":{\"image_position\":\"center-center\",\"position_sticky_breakpoint\":\"m\"},\"children\":[{\"type\":\"panel-slider\",\"props\":{\"class\":\"uk-hidden@s, uk-hidden@m\",\"content_column_breakpoint\":\"m\",\"image_align\":\"top\",\"image_grid_breakpoint\":\"m\",\"image_grid_width\":\"1-2\",\"image_link\":true,\"image_svg_color\":\"emphasis\",\"image_text_color\":\"dark\",\"link_size\":\"small\",\"link_style\":\"primary\",\"link_text\":\"\",\"margin_bottom\":\"medium\",\"margin_top\":\"medium\",\"meta_align\":\"below-title\",\"meta_element\":\"div\",\"meta_margin\":\"remove\",\"meta_style\":\"h5\",\"nav\":\"dotnav\",\"nav_align\":\"center\",\"nav_breakpoint\":\"\",\"nav_margin\":\"medium\",\"panel_card_offset\":false,\"panel_image_no_padding\":true,\"panel_match\":true,\"panel_padding\":\"default\",\"show_content\":true,\"show_hover_image\":true,\"show_hover_video\":true,\"show_image\":true,\"show_link\":true,\"show_meta\":true,\"show_title\":true,\"show_video\":true,\"slidenav\":\"default\",\"slidenav_breakpoint\":\"\",\"slidenav_hover\":true,\"slidenav_margin\":\"medium\",\"slidenav_outside_breakpoint\":\"xl\",\"slider_autoplay\":true,\"slider_autoplay_pause\":true,\"slider_center\":false,\"slider_gap\":\"\",\"slider_velocity\":\"2.2\",\"slider_width\":\"fixed\",\"slider_width_default\":\"1-1\",\"slider_width_large\":\"1-4\",\"slider_width_medium\":\"1-4\",\"slider_width_small\":\"1-3\",\"title_align\":\"left\",\"title_color\":\"primary\",\"title_element\":\"h3\",\"title_grid_breakpoint\":\"m\",\"title_grid_width\":\"1-2\",\"title_hover_style\":\"reset\",\"title_link\":true,\"title_style\":\"h3\"},\"children\":[{\"type\":\"panel-slider_item\",\"props\":{\"hover_video\":\"\",\"image\":\"wp-content\/uploads\/2026\/01\/1EVOCACION-BANNER680-x-950-px.png\",\"item_element\":\"article\",\"link\":\"?page_id=2681\",\"meta\":\"\",\"title\":\"\"}},{\"type\":\"panel-slider_item\",\"props\":{\"hover_video\":\"\",\"image\":\"wp-content\/uploads\/2025\/12\/FLEUR.png\",\"item_element\":\"article\",\"link\":\"?page_id=2685\",\"meta\":\"\",\"title\":\"\"}},{\"type\":\"panel-slider_item\",\"props\":{\"hover_video\":\"\",\"image\":\"wp-content\/uploads\/2025\/12\/LEVANTADORAS.png\",\"item_element\":\"article\",\"link\":\"?page_id=2690\",\"meta\":\"\",\"title\":\"\"}},{\"type\":\"panel-slider_item\",\"props\":{\"hover_video\":\"\",\"image\":\"wp-content\/uploads\/2026\/01\/BRALETTE-PANTYS680-x-950-px-1.png\",\"item_element\":\"article\",\"link\":\"?page_id=2694\",\"meta\":\"\",\"title\":\"\"}}],\"modified\":\"2022-01-17T14:02:29.951Z\"}]}]}],\"name\":\"LEVANTADORAS\"},{\"type\":\"section\",\"props\":{\"image\":\"wp-content\/uploads\/2025\/12\/Encaje-Banner2-1500-x-820-px.png\",\"image_effect\":\"fixed\",\"image_position\":\"bottom-center\",\"image_size\":\"cover\",\"media_overlay\":\"rgba(255, 255, 255, 0.75)\",\"style\":\"default\",\"title_breakpoint\":\"xl\",\"title_position\":\"top-left\",\"title_rotation\":\"left\",\"vertical_align\":\"middle\",\"width\":\"default\"},\"children\":[{\"type\":\"row\",\"children\":[{\"type\":\"column\",\"props\":{\"image_position\":\"center-center\",\"position_sticky_breakpoint\":\"m\"}}]},{\"type\":\"row\",\"children\":[{\"type\":\"column\",\"props\":{\"image_position\":\"center-center\",\"position_sticky_breakpoint\":\"m\"},\"children\":[{\"type\":\"headline\",\"props\":{\"content\":\"\n\n<p><strong>Lencer\u00eda creada para contar tu historia.<\/strong><\/p>\n\n\\n\n\n<p style=\\\"text-align: center;\\\">Piezas \u00fanicas, confeccionadas a medida,<br \/>que celebran tu feminidad y te acompa\u00f1an<br \/>en los momentos m\u00e1s inolvidables de tu vida.<\/p>\n\n\",\"image_align\":\"left\",\"image_margin\":\"xsmall\",\"text_align\":\"center\",\"title_element\":\"h1\"}},{\"type\":\"button\",\"props\":{\"grid_column_gap\":\"small\",\"grid_row_gap\":\"small\",\"margin_bottom\":\"default\",\"margin_top\":\"default\",\"text_align\":\"center\"},\"children\":[{\"type\":\"button_item\",\"props\":{\"button_style\":\"default\",\"content\":\"CONOCE NUESTRAS PROPUESTAS \",\"dialog_layout\":\"modal\",\"dialog_offcanvas_flip\":true,\"icon_align\":\"left\",\"link\":\"?page_id=2469\"}}]}]}]}],\"name\":\"Sat\u00edn \"},{\"type\":\"section\",\"props\":{\"image_position\":\"center-center\",\"style\":\"default\",\"title_breakpoint\":\"xl\",\"title_position\":\"top-left\",\"title_rotation\":\"left\",\"vertical_align\":\"middle\",\"width\":\"default\"},\"children\":[{\"type\":\"row\",\"children\":[{\"type\":\"column\",\"props\":{\"image_position\":\"center-center\",\"position_sticky_breakpoint\":\"m\"},\"children\":[{\"name\":\"Panel Content Force Left\",\"type\":\"panel\",\"props\":{\"block_align\":\"center\",\"content\":\"\n\n<h3 style=\\\"text-align: center;\\\"><span dir=\\\"auto\\\" style=\\\"vertical-align: inherit;\\\"><span dir=\\\"auto\\\" style=\\\"vertical-align: inherit;\\\">Desde el primer encaje hasta el \u00faltimo detalle, transformamos cada prenda en una experiencia \u00edntima, rom\u00e1ntica y hecha solo para ti.<\/span><\/span><\/h3>\n\n\",\"content_align\":true,\"content_column_breakpoint\":\"m\",\"content_margin\":\"medium\",\"image\":\"wp-content\/uploads\/2025\/11\/HOME-grisPrelude-2.png\",\"image_align\":\"top\",\"image_border\":\"rounded\",\"image_box_shadow\":\"xlarge\",\"image_grid_breakpoint\":\"m\",\"image_grid_width\":\"1-2\",\"image_height\":800,\"image_loading\":false,\"image_svg_color\":\"emphasis\",\"link\":\"?page_id=2463\",\"link_margin\":\"medium\",\"link_style\":\"primary\",\"link_text\":\"NOSOTROS\",\"margin_bottom\":\"default\",\"margin_top\":\"default\",\"meta\":\"\",\"meta_align\":\"below-title\",\"meta_element\":\"div\",\"meta_margin\":\"small\",\"meta_style\":\"text-meta\",\"panel_image_no_padding\":true,\"text_align\":\"center\",\"title\":\"El arte de lo exclusivo y la personalizaci\u00f3n.\",\"title_align\":\"top\",\"title_element\":\"div\",\"title_grid_breakpoint\":\"m\",\"title_grid_width\":\"1-2\",\"title_hover_style\":\"reset\",\"title_margin\":\"medium\",\"title_style\":\"h1\"}}]}]}]},{\"type\":\"section\",\"props\":{\"image_position\":\"center-center\",\"style\":\"muted\",\"title_breakpoint\":\"xl\",\"title_position\":\"top-left\",\"title_rotation\":\"left\",\"vertical_align\":\"middle\",\"width\":\"default\"},\"children\":[{\"type\":\"row\",\"children\":[{\"type\":\"column\",\"props\":{\"image_position\":\"center-center\",\"position_sticky_breakpoint\":\"m\"},\"children\":[{\"name\":\"Nav Style Secondary Subtitles\",\"type\":\"nav\",\"children\":[{\"type\":\"nav_item\",\"props\":{\"content\":\"Atenci\u00f3n al cliente\",\"image\":\"wp-content\/uploads\/2025\/10\/icono-clientes-2.png\",\"link\":\"https:\/\/api.whatsapp.com\/send\/?phone=573142355242\",\"link_target\":true,\"meta\":\"Estamos aqu\u00ed para atenderte\"}},{\"type\":\"nav_item\",\"props\":{\"content\":\"Discreci\u00f3n y Confianza\",\"image\":\"wp-content\/uploads\/2025\/10\/icono-clientes-3.png\",\"link\":\"?page_id=4090\",\"meta\":\"Confianza total y m\u00e1xima discreci\u00f3n\"}}],\"props\":{\"grid\":\"3\",\"grid_column_gap\":\"large\",\"grid_divider\":false,\"grid_row_gap\":\"large\",\"image_margin\":true,\"image_svg_color\":\"primary\",\"image_svg_inline\":true,\"image_vertical_align\":false,\"image_width\":\"50\",\"nav_divider\":false,\"nav_style\":\"secondary\",\"show_image\":true,\"show_meta\":true,\"text_align\":\"center\"}}]}]}],\"name\":\"Iconos\"},{\"type\":\"section\",\"props\":{\"class\":\"uk-visible@s, uk-visible@m\",\"height_viewport\":150,\"image\":\"wp-content\/uploads\/2025\/12\/DSC_4373-1-scaled.jpg\",\"image_position\":\"center-center\",\"image_size\":\"cover\",\"padding_bottom\":\"large\",\"padding_top\":\"large\",\"style\":\"default\",\"title_breakpoint\":\"xl\",\"title_position\":\"top-left\",\"title_rotation\":\"left\",\"vertical_align\":\"middle\",\"width\":\"default\"},\"children\":[{\"type\":\"row\",\"children\":[{\"type\":\"column\",\"props\":{\"image_position\":\"center-center\",\"position_sticky_breakpoint\":\"m\"}}]},{\"type\":\"row\",\"children\":[{\"type\":\"column\",\"props\":{\"image_position\":\"center-center\",\"position_sticky_breakpoint\":\"m\"},\"children\":[{\"type\":\"panel\",\"props\":{\"block_align\":\"right\",\"content\":\"\n\n<p><span dir=\\\"auto\\\" style=\\\"vertical-align: inherit;\\\"><span dir=\\\"auto\\\" style=\\\"vertical-align: inherit;\\\">En Pr\u00e9lude Intime, unimos tradici\u00f3n artesanal, dise\u00f1o de autor y materiales de lujo, para crear lencer\u00eda que resalta tu esencia.<\/span><\/span><\/p>\n\n\",\"content_column_breakpoint\":\"m\",\"image_align\":\"top\",\"image_grid_breakpoint\":\"m\",\"image_grid_width\":\"1-2\",\"image_svg_color\":\"emphasis\",\"link\":\"?page_id=2469\",\"link_style\":\"primary\",\"link_text\":\"DESCUBRE TU AJUAR\",\"margin_bottom\":\"\",\"margin_top\":\"\",\"maxwidth\":\"large\",\"meta\":\"\",\"meta_align\":\"below-content\",\"meta_element\":\"div\",\"meta_margin\":\"medium\",\"meta_style\":\"h2\",\"panel_link\":true,\"panel_link_hover\":\"true\",\"panel_padding\":\"large\",\"panel_style\":\"card-secondary\",\"title\":\"\\\"Cada puntada cuenta una historia........la tuya\\\"\",\"title_align\":\"top\",\"title_element\":\"h2\",\"title_grid_breakpoint\":\"m\",\"title_grid_width\":\"1-2\",\"title_hover_style\":\"reset\"}}]}]},{\"type\":\"row\",\"children\":[{\"type\":\"column\",\"props\":{\"image_position\":\"center-center\",\"position_sticky_breakpoint\":\"m\"}}]}]},{\"type\":\"section\",\"props\":{\"class\":\"uk-hidden@s, uk-hidden@m\",\"image_height\":600,\"image_position\":\"center-center\",\"image_width\":600,\"style\":\"muted\",\"title_breakpoint\":\"xl\",\"title_position\":\"top-left\",\"title_rotation\":\"left\",\"vertical_align\":\"middle\",\"width\":\"default\"},\"children\":[{\"type\":\"row\",\"children\":[{\"type\":\"column\",\"props\":{\"image_position\":\"center-center\",\"position_sticky_breakpoint\":\"m\"},\"children\":[{\"type\":\"image\",\"props\":{\"image\":\"wp-content\/uploads\/2025\/12\/nosotros-movil.png\",\"image_svg_color\":\"emphasis\",\"margin_bottom\":\"default\",\"margin_top\":\"default\"}}]}]},{\"type\":\"row\",\"children\":[{\"type\":\"column\",\"props\":{\"image_position\":\"center-center\",\"position_sticky_breakpoint\":\"m\"},\"children\":[{\"type\":\"panel\",\"props\":{\"block_align\":\"right\",\"class\":\"uk-hidden@s, uk-hidden@m\",\"content\":\"\n\n<p><span dir=\\\"auto\\\" style=\\\"vertical-align: inherit;\\\"><span dir=\\\"auto\\\" style=\\\"vertical-align: inherit;\\\">En Pr\u00e9lude Intime, unimos tradici\u00f3n artesanal, dise\u00f1o de autor y materiales de lujo, para crear lencer\u00eda que resalta tu esencia.<\/span><\/span><\/p>\n\n\",\"content_column_breakpoint\":\"m\",\"image_align\":\"top\",\"image_grid_breakpoint\":\"m\",\"image_grid_width\":\"1-2\",\"image_svg_color\":\"emphasis\",\"link\":\"?page_id=2469\",\"link_style\":\"primary\",\"link_text\":\"DESCUBRE TU AJUAR\",\"margin_bottom\":\"\",\"margin_top\":\"\",\"maxwidth\":\"large\",\"meta\":\"\",\"meta_align\":\"below-content\",\"meta_element\":\"div\",\"meta_margin\":\"medium\",\"meta_style\":\"h2\",\"panel_link\":true,\"panel_link_hover\":\"true\",\"panel_padding\":\"large\",\"panel_style\":\"card-secondary\",\"title\":\"\\\"Cada puntada cuenta una historia........la tuya\\\"\",\"title_align\":\"top\",\"title_element\":\"h2\",\"title_grid_breakpoint\":\"m\",\"title_grid_width\":\"1-2\",\"title_hover_style\":\"reset\"}}]}]}]}],\"version\":\"5.0.9\"} --><\/p>\n","protected":false},"excerpt":{"rendered":"<p>Lencer\u00eda creada para contar tu historia. Piezas \u00fanicas, confeccionadas a medida,que celebran tu feminidad y te acompa\u00f1anen los momentos m\u00e1s inolvidables de tu vida. CONOCE NUESTRAS PROPUESTAS El arte de lo exclusivo y la personalizaci\u00f3n. Desde el primer encaje hasta el \u00faltimo detalle, transformamos cada prenda en una experiencia \u00edntima, rom\u00e1ntica y hecha solo para [&hellip;]<\/p>\n","protected":false},"author":1,"featured_media":0,"parent":0,"menu_order":0,"comment_status":"closed","ping_status":"closed","template":"","meta":{"_acf_changed":false,"footnotes":""},"class_list":["post-3096","page","type-page","status-publish","hentry"],"acf":[],"_links":{"self":[{"href":"https:\/\/preludeintime.com\/index.php?rest_route=\/wp\/v2\/pages\/3096","targetHints":{"allow":["GET"]}}],"collection":[{"href":"https:\/\/preludeintime.com\/index.php?rest_route=\/wp\/v2\/pages"}],"about":[{"href":"https:\/\/preludeintime.com\/index.php?rest_route=\/wp\/v2\/types\/page"}],"author":[{"embeddable":true,"href":"https:\/\/preludeintime.com\/index.php?rest_route=\/wp\/v2\/users\/1"}],"replies":[{"embeddable":true,"href":"https:\/\/preludeintime.com\/index.php?rest_route=%2Fwp%2Fv2%2Fcomments&post=3096"}],"version-history":[{"count":224,"href":"https:\/\/preludeintime.com\/index.php?rest_route=\/wp\/v2\/pages\/3096\/revisions"}],"predecessor-version":[{"id":4591,"href":"https:\/\/preludeintime.com\/index.php?rest_route=\/wp\/v2\/pages\/3096\/revisions\/4591"}],"wp:attachment":[{"href":"https:\/\/preludeintime.com\/index.php?rest_route=%2Fwp%2Fv2%2Fmedia&parent=3096"}],"curies":[{"name":"wp","href":"https:\/\/api.w.org\/{rel}","templated":true}]}}