{"id":2690,"date":"2025-10-25T18:30:03","date_gmt":"2025-10-25T18:30:03","guid":{"rendered":"https:\/\/preludeintime.com\/?page_id=2690"},"modified":"2026-02-12T16:06:05","modified_gmt":"2026-02-12T16:06:05","slug":"levantadoras","status":"publish","type":"page","link":"https:\/\/preludeintime.com\/?page_id=2690","title":{"rendered":"Levantadoras"},"content":{"rendered":"<h1>\n<h1 class=\"heading h2 custom-font-size custom-font-size--mobile font-weight--default \" style=\"text-align: center;\"><span dir=\"auto\" style=\"vertical-align: inherit;\"><span dir=\"auto\" style=\"vertical-align: inherit;\"><span dir=\"auto\" style=\"vertical-align: inherit;\"><span dir=\"auto\" style=\"vertical-align: inherit;\"><span dir=\"auto\" style=\"vertical-align: inherit;\"><span dir=\"auto\" style=\"vertical-align: inherit;\"><span dir=\"auto\" style=\"vertical-align: inherit;\"><span dir=\"auto\" style=\"vertical-align: inherit;\">LEVANTADORAS<\/span><\/span><\/span><\/span><\/span><\/span><\/span><\/span><\/h1>\n<\/h1>\n<div>\n<h3 style=\"text-align: center;\"><span class=\"selectable-text copyable-text xkrh14z\">Levantadoras atemporales, cl\u00e1sicas, pensadas especialmente para acompa\u00f1arte<br \/><\/span><span class=\"selectable-text copyable-text xkrh14z\">durante el maquillaje y el peinado.<\/span><span class=\"selectable-text copyable-text xkrh14z\">\u00a0<br \/>Son prendas delicadas, elegantes y con el cubrimiento perfecto para que te sientas c\u00f3moda,<br \/>segura y absolutamente radiante.<\/span><\/h3>\n<\/div>\n<ul>\n<li>\n<p>        <img decoding=\"async\" src=\"\/wp-content\/uploads\/2026\/02\/Ailen-1-10-8-scaled.jpg\" alt=\"\"><\/p>\n<h3>Ail\u00e9n<\/h3>\n<p><a href=\"\/?product=ailen\">DESCUDRE DETALLES<\/a><\/p>\n<\/li>\n<li>\n<p>        <img decoding=\"async\" src=\"\/wp-content\/uploads\/2026\/02\/Nayla-1-10-8-scaled.jpg\" alt=\"\"><\/p>\n<h3>Nayla<\/h3>\n<p><a href=\"\/?product=nayla\">DESCUDRE DETALLES<\/a><\/p>\n<\/li>\n<li>\n<p>        <img decoding=\"async\" src=\"\/wp-content\/uploads\/2026\/02\/Elgha-1-10-8-scaled.jpg\" alt=\"\"><\/p>\n<h3>Elgha<\/h3>\n<p><a href=\"\/?product=elgha\">DESCUDRE DETALLES<\/a><\/p>\n<\/li>\n<\/ul>\n<ul>\n<li>\n<p>        <img decoding=\"async\" src=\"\/wp-content\/uploads\/2026\/02\/Ailen-1-10-8-scaled.jpg\" alt=\"\"><\/p>\n<h3>Ail\u00e9n<\/h3>\n<p><a href=\"\/?product=ailen\">DESCUDRE DETALLES<\/a><\/p>\n<\/li>\n<li>\n<p>        <img decoding=\"async\" src=\"\/wp-content\/uploads\/2026\/02\/Nayla-1-10-8-scaled.jpg\" alt=\"\"><\/p>\n<h3>Nayla<\/h3>\n<p><a href=\"\/?product=nayla\">DESCUDRE DETALLES<\/a><\/p>\n<\/li>\n<li>\n<p>        <img decoding=\"async\" src=\"\/wp-content\/uploads\/2026\/02\/Elgha-1-10-8-scaled.jpg\" alt=\"\"><\/p>\n<h3>Elgha<\/h3>\n<p><a href=\"\/?product=elgha\">DESCUDRE DETALLES<\/a><\/p>\n<\/li>\n<\/ul>\n<h1>\n<p style=\"text-align: center;\"><strong>Lencer\u00eda creada para contar tu historia.<\/strong><\/p>\n<p style=\"text-align: center;\">Piezas \u00fanicas, confeccionadas a medida,<br \/>que celebran tu feminidad y te acompa\u00f1an<br \/>en los momentos m\u00e1s inolvidables de tu vida.<\/p>\n<\/h1>\n<p><p>\n        <a href=\"\/?page_id=2476\">agendar cita<\/a>\n    <\/p>\n<\/p>\n<ul>\n<li>\n        <img decoding=\"async\" src=\"\/wp-content\/uploads\/2025\/10\/icono-clientes-2.png\" alt=\"\"><\/p>\n<p><a href=\"https:\/\/api.whatsapp.com\/send\/?phone=573142355242\">Atenci\u00f3n al cliente<\/a><\/p>\n<p>Estamos aqu\u00ed para atenderte<\/p>\n<\/li>\n<li>\n        <img decoding=\"async\" src=\"\/wp-content\/uploads\/2025\/10\/icono-clientes-3.png\" alt=\"\"><\/p>\n<p><a href=\"\/?page_id=4090\">Discreci\u00f3n y Confianza<\/a><\/p>\n<p>Confianza total y m\u00e1xima discreci\u00f3n<\/p>\n<\/li>\n<\/ul>\n<p><!--more--><br \/>\n<!-- {\"type\":\"layout\",\"children\":[{\"type\":\"section\",\"props\":{\"image_position\":\"center-center\",\"padding_bottom\":\"none\",\"padding_remove_horizontal\":true,\"style\":\"muted\",\"title_breakpoint\":\"xl\",\"title_position\":\"top-left\",\"title_rotation\":\"left\",\"vertical_align\":\"middle\",\"width\":\"large\"},\"children\":[{\"type\":\"row\",\"children\":[{\"type\":\"column\",\"props\":{\"image_position\":\"center-center\",\"position_sticky_breakpoint\":\"m\"},\"children\":[{\"type\":\"headline\",\"props\":{\"content\":\"\n\n<h1 class=\\\"heading h2 custom-font-size custom-font-size--mobile font-weight--default \\\" style=\\\"text-align: center;\\\"><span dir=\\\"auto\\\" style=\\\"vertical-align: inherit;\\\"><span dir=\\\"auto\\\" style=\\\"vertical-align: inherit;\\\"><span dir=\\\"auto\\\" style=\\\"vertical-align: inherit;\\\"><span dir=\\\"auto\\\" style=\\\"vertical-align: inherit;\\\"><span dir=\\\"auto\\\" style=\\\"vertical-align: inherit;\\\"><span dir=\\\"auto\\\" style=\\\"vertical-align: inherit;\\\"><span dir=\\\"auto\\\" style=\\\"vertical-align: inherit;\\\"><span dir=\\\"auto\\\" style=\\\"vertical-align: inherit;\\\">LEVANTADORAS<\/span><\/span><\/span><\/span><\/span><\/span><\/span><\/span><\/h1>\n\n\",\"image_align\":\"left\",\"image_margin\":\"xsmall\",\"margin_bottom\":\"medium\",\"margin_top\":\"medium\",\"maxwidth\":\"2xlarge\",\"position\":\"relative\",\"position_right\":\"0\",\"text_align\":\"center\",\"title_element\":\"h1\"}},{\"type\":\"text\",\"props\":{\"column_breakpoint\":\"m\",\"content\":\"\n\n<h3 style=\\\"text-align: center;\\\"><span class=\\\"selectable-text copyable-text xkrh14z\\\">Levantadoras atemporales, cl\u00e1sicas, pensadas especialmente para acompa\u00f1arte<br \/><\/span><span class=\\\"selectable-text copyable-text xkrh14z\\\">durante el maquillaje y el peinado.<\/span><span class=\\\"selectable-text copyable-text xkrh14z\\\">\u00a0<br \/>Son prendas delicadas, elegantes y con el cubrimiento perfecto para que te sientas c\u00f3moda,<br \/>segura y absolutamente radiante.<\/span><\/h3>\n\n\",\"margin_bottom\":\"default\",\"margin_top\":\"default\",\"text_color\":\"danger\"},\"name\":\"texto nuevo levantadoras\"},{\"type\":\"panel-slider\",\"props\":{\"class\":\"uk-visible@s, uk-visible@m\",\"content_column_breakpoint\":\"m\",\"image_align\":\"top\",\"image_grid_breakpoint\":\"m\",\"image_grid_width\":\"1-2\",\"image_height\":\"882\",\"image_link\":true,\"image_svg_color\":\"emphasis\",\"image_text_color\":\"dark\",\"image_width\":\"660\",\"link_size\":\"small\",\"link_style\":\"primary\",\"link_text\":\"\",\"margin_bottom\":\"medium\",\"margin_top\":\"medium\",\"meta_align\":\"below-title\",\"meta_element\":\"div\",\"meta_margin\":\"remove\",\"meta_style\":\"h5\",\"nav\":\"\",\"nav_align\":\"center\",\"nav_breakpoint\":\"\",\"nav_margin\":\"medium\",\"panel_card_offset\":true,\"panel_image_no_padding\":true,\"panel_match\":true,\"panel_padding\":\"small\",\"panel_style\":\"card-default\",\"show_content\":true,\"show_hover_image\":true,\"show_hover_video\":true,\"show_image\":true,\"show_link\":true,\"show_meta\":true,\"show_title\":true,\"show_video\":true,\"slidenav\":\"default\",\"slidenav_breakpoint\":\"\",\"slidenav_hover\":true,\"slidenav_margin\":\"medium\",\"slidenav_outside_breakpoint\":\"xl\",\"slider_autoplay\":true,\"slider_autoplay_pause\":true,\"slider_center\":false,\"slider_gap\":\"\",\"slider_velocity\":\"2.2\",\"slider_width\":\"fixed\",\"slider_width_default\":\"4-5\",\"slider_width_large\":\"1-3\",\"slider_width_medium\":\"1-4\",\"slider_width_small\":\"1-3\",\"title_align\":\"top\",\"title_color\":\"primary\",\"title_element\":\"h3\",\"title_grid_breakpoint\":\"m\",\"title_grid_width\":\"1-2\",\"title_hover_style\":\"reset\",\"title_link\":true,\"title_style\":\"h3\"},\"children\":[{\"type\":\"panel-slider_item\",\"props\":{\"hover_video\":\"\",\"image\":\"wp-content\/uploads\/2026\/02\/Ailen-1-10-8-scaled.jpg\",\"item_element\":\"article\",\"link\":\"?product=ailen\",\"link_text\":\"DESCUDRE DETALLES\",\"meta\":\"\",\"title\":\"Ail\u00e9n\"}},{\"type\":\"panel-slider_item\",\"props\":{\"hover_video\":\"\",\"image\":\"wp-content\/uploads\/2026\/02\/Nayla-1-10-8-scaled.jpg\",\"item_element\":\"article\",\"link\":\"?product=nayla\",\"link_text\":\"DESCUDRE DETALLES\",\"meta\":\"\",\"title\":\"Nayla\"}},{\"type\":\"panel-slider_item\",\"props\":{\"hover_video\":\"\",\"image\":\"wp-content\/uploads\/2026\/02\/Elgha-1-10-8-scaled.jpg\",\"item_element\":\"article\",\"link\":\"?product=elgha\",\"link_text\":\"DESCUDRE DETALLES\",\"meta\":\"\",\"title\":\"Elgha\"}}],\"modified\":\"2022-01-17T14:02:29.951Z\"}]}]},{\"type\":\"row\",\"children\":[{\"type\":\"column\",\"props\":{\"image_position\":\"center-center\",\"position_sticky_breakpoint\":\"m\"},\"children\":[{\"name\":\"Grid movil\",\"type\":\"grid\",\"children\":[{\"type\":\"grid_item\",\"props\":{\"image\":\"wp-content\/uploads\/2026\/02\/Ailen-1-10-8-scaled.jpg\",\"link\":\"?product=ailen\",\"link_text\":\"DESCUDRE DETALLES\",\"meta\":\"\",\"title\":\"Ail\u00e9n\"}},{\"type\":\"grid_item\",\"props\":{\"image\":\"wp-content\/uploads\/2026\/02\/Nayla-1-10-8-scaled.jpg\",\"link\":\"?product=nayla\",\"link_text\":\"DESCUDRE DETALLES\",\"meta\":\"\",\"title\":\"Nayla\"}},{\"type\":\"grid_item\",\"props\":{\"image\":\"wp-content\/uploads\/2026\/02\/Elgha-1-10-8-scaled.jpg\",\"link\":\"?product=elgha\",\"link_text\":\"DESCUDRE DETALLES\",\"meta\":\"\",\"title\":\"Elgha\"}}],\"props\":{\"class\":\"uk-hidden@s, uk-hidden@m\",\"content_column_breakpoint\":\"m\",\"filter_align\":\"left\",\"filter_all\":true,\"filter_grid_breakpoint\":\"m\",\"filter_grid_width\":\"auto\",\"filter_position\":\"top\",\"filter_style\":\"tab\",\"grid_default\":\"1\",\"grid_medium\":\"3\",\"grid_small\":\"2\",\"image_align\":\"top\",\"image_grid_breakpoint\":\"m\",\"image_grid_width\":\"1-2\",\"image_link\":true,\"image_svg_color\":\"emphasis\",\"image_width\":\"610\",\"item_animation\":true,\"lightbox\":false,\"lightbox_bg_close\":true,\"link_style\":\"primary\",\"link_text\":\"\",\"margin_bottom\":\"default\",\"margin_top\":\"default\",\"meta_align\":\"below-title\",\"meta_color\":\"muted\",\"meta_element\":\"div\",\"meta_margin\":\"small\",\"meta_style\":\"h6\",\"panel_link\":true,\"parallax_easing\":\"1\",\"show_content\":true,\"show_hover_image\":true,\"show_hover_video\":true,\"show_image\":true,\"show_link\":true,\"show_meta\":true,\"show_title\":true,\"show_video\":true,\"text_align\":\"left\",\"text_align_breakpoint\":\"s\",\"text_align_fallback\":\"center\",\"title_align\":\"top\",\"title_element\":\"h3\",\"title_grid_breakpoint\":\"m\",\"title_grid_width\":\"1-2\",\"title_hover_style\":\"reset\",\"title_link\":true}}]}]}],\"name\":\"LEVANTADORAS-2027.\"},{\"type\":\"section\",\"props\":{\"image\":\"wp-content\/uploads\/2025\/12\/Encaje-Banner2-1500-x-820-px.png\",\"image_effect\":\"fixed\",\"image_position\":\"center-center\",\"image_size\":\"cover\",\"media_overlay\":\"rgba(255, 249, 249, 0.71)\",\"sticky\":\"cover\",\"style\":\"default\",\"title_breakpoint\":\"xl\",\"title_position\":\"top-left\",\"title_rotation\":\"left\",\"vertical_align\":\"middle\",\"width\":\"default\"},\"children\":[{\"type\":\"row\",\"children\":[{\"type\":\"column\",\"props\":{\"image_position\":\"center-center\",\"position_sticky_breakpoint\":\"m\"}}]},{\"type\":\"row\",\"children\":[{\"type\":\"column\",\"props\":{\"image_position\":\"center-center\",\"position_sticky_breakpoint\":\"m\"},\"children\":[{\"type\":\"headline\",\"props\":{\"content\":\"\n\n<p style=\\\"text-align: center;\\\"><strong>Lencer\u00eda creada para contar tu historia.<\/strong><\/p>\n\n\\n\n\n<p style=\\\"text-align: center;\\\">Piezas \u00fanicas, confeccionadas a medida,<br \/>que celebran tu feminidad y te acompa\u00f1an<br \/>en los momentos m\u00e1s inolvidables de tu vida.<\/p>\n\n\",\"image_align\":\"left\",\"image_margin\":\"xsmall\",\"text_align\":\"center\",\"title_element\":\"h1\"}},{\"type\":\"button\",\"props\":{\"grid_column_gap\":\"small\",\"grid_row_gap\":\"small\",\"margin_bottom\":\"default\",\"margin_top\":\"default\",\"text_align\":\"center\"},\"children\":[{\"type\":\"button_item\",\"props\":{\"button_style\":\"default\",\"content\":\"agendar cita\",\"dialog_layout\":\"modal\",\"dialog_offcanvas_flip\":true,\"icon_align\":\"left\",\"link\":\"?page_id=2476\"}}]}]}]},{\"type\":\"row\",\"children\":[{\"type\":\"column\",\"props\":{\"image_position\":\"center-center\",\"position_sticky_breakpoint\":\"m\"}}]}],\"name\":\"Sat\u00edn 2026\"},{\"type\":\"section\",\"props\":{\"image_position\":\"center-center\",\"style\":\"muted\",\"title_breakpoint\":\"xl\",\"title_position\":\"top-left\",\"title_rotation\":\"left\",\"vertical_align\":\"middle\",\"width\":\"default\"},\"children\":[{\"type\":\"row\",\"children\":[{\"type\":\"column\",\"props\":{\"image_position\":\"center-center\",\"position_sticky_breakpoint\":\"m\"},\"children\":[{\"name\":\"Nav Style Secondary Subtitles\",\"type\":\"nav\",\"children\":[{\"type\":\"nav_item\",\"props\":{\"content\":\"Atenci\u00f3n al cliente\",\"image\":\"wp-content\/uploads\/2025\/10\/icono-clientes-2.png\",\"link\":\"https:\/\/api.whatsapp.com\/send\/?phone=573142355242\",\"link_target\":true,\"meta\":\"Estamos aqu\u00ed para atenderte\"}},{\"type\":\"nav_item\",\"props\":{\"content\":\"Discreci\u00f3n y Confianza\",\"image\":\"wp-content\/uploads\/2025\/10\/icono-clientes-3.png\",\"link\":\"?page_id=4090\",\"meta\":\"Confianza total y m\u00e1xima discreci\u00f3n\"}}],\"props\":{\"grid\":\"2\",\"grid_column_gap\":\"medium\",\"grid_divider\":false,\"grid_row_gap\":\"medium\",\"image_margin\":true,\"image_svg_color\":\"primary\",\"image_svg_inline\":true,\"image_vertical_align\":false,\"image_width\":\"50\",\"nav_divider\":false,\"nav_style\":\"secondary\",\"show_image\":true,\"show_meta\":true,\"text_align\":\"center\"}}]}]}],\"name\":\"Iconos2027\"}],\"version\":\"5.0.12\"} --><\/p>\n","protected":false},"excerpt":{"rendered":"<p>LEVANTADORAS Levantadoras atemporales, cl\u00e1sicas, pensadas especialmente para acompa\u00f1artedurante el maquillaje y el peinado.\u00a0Son prendas delicadas, elegantes y con el cubrimiento perfecto para que te sientas c\u00f3moda,segura y absolutamente radiante. Ail\u00e9n DESCUDRE DETALLES Nayla DESCUDRE DETALLES Elgha DESCUDRE DETALLES Ail\u00e9n DESCUDRE DETALLES Nayla DESCUDRE DETALLES Elgha DESCUDRE DETALLES Lencer\u00eda creada para contar tu historia. Piezas \u00fanicas, [&hellip;]<\/p>\n","protected":false},"author":1,"featured_media":0,"parent":0,"menu_order":0,"comment_status":"closed","ping_status":"closed","template":"","meta":{"_acf_changed":false,"footnotes":""},"class_list":["post-2690","page","type-page","status-publish","hentry"],"acf":[],"_links":{"self":[{"href":"https:\/\/preludeintime.com\/index.php?rest_route=\/wp\/v2\/pages\/2690","targetHints":{"allow":["GET"]}}],"collection":[{"href":"https:\/\/preludeintime.com\/index.php?rest_route=\/wp\/v2\/pages"}],"about":[{"href":"https:\/\/preludeintime.com\/index.php?rest_route=\/wp\/v2\/types\/page"}],"author":[{"embeddable":true,"href":"https:\/\/preludeintime.com\/index.php?rest_route=\/wp\/v2\/users\/1"}],"replies":[{"embeddable":true,"href":"https:\/\/preludeintime.com\/index.php?rest_route=%2Fwp%2Fv2%2Fcomments&post=2690"}],"version-history":[{"count":89,"href":"https:\/\/preludeintime.com\/index.php?rest_route=\/wp\/v2\/pages\/2690\/revisions"}],"predecessor-version":[{"id":4700,"href":"https:\/\/preludeintime.com\/index.php?rest_route=\/wp\/v2\/pages\/2690\/revisions\/4700"}],"wp:attachment":[{"href":"https:\/\/preludeintime.com\/index.php?rest_route=%2Fwp%2Fv2%2Fmedia&parent=2690"}],"curies":[{"name":"wp","href":"https:\/\/api.w.org\/{rel}","templated":true}]}}