{"id":2685,"date":"2025-10-25T18:28:13","date_gmt":"2025-10-25T18:28:13","guid":{"rendered":"https:\/\/preludeintime.com\/?page_id=2685"},"modified":"2026-04-13T15:42:24","modified_gmt":"2026-04-13T15:42:24","slug":"fleur-de-venisse","status":"publish","type":"page","link":"https:\/\/preludeintime.com\/?page_id=2685","title":{"rendered":"Fleur de Venisse"},"content":{"rendered":"<h1>\n<h1 class=\"heading h2 custom-font-size custom-font-size--mobile font-weight--default \" style=\"text-align: center;\"><span dir=\"auto\" style=\"vertical-align: inherit;\"><span dir=\"auto\" style=\"vertical-align: inherit;\"><span dir=\"auto\" style=\"vertical-align: inherit;\"><span dir=\"auto\" style=\"vertical-align: inherit;\"><span dir=\"auto\" style=\"vertical-align: inherit;\"><span dir=\"auto\" style=\"vertical-align: inherit;\"><span dir=\"auto\" style=\"vertical-align: inherit;\"><span dir=\"auto\" style=\"vertical-align: inherit;\">FLEUR DE VENISSE<\/span><\/span><\/span><\/span><\/span><\/span><\/span><\/span><\/h1>\n<\/h1>\n<div>\n<h3 style=\"text-align: center;\"><span class=\"selectable-text copyable-text xkrh14z\">Una colecci\u00f3n inspirada en la belleza et\u00e9rea de las flores venecianas, en el arte de la seducci\u00f3n sutil y en la elegancia que florece en los momentos m\u00e1s \u00edntimos. Cada pieza ha sido cuidadosamente dise\u00f1ada para mujeres rom\u00e1nticas, sofisticadas y seguras. Fleur de Venise es un tributo a la feminidad en su m\u00e1xima expresi\u00f3n: suave, encantadora y profundamente poderosa. Es la lencer\u00eda que susurra secretos al o\u00eddo, que acaricia la piel y embellece el alma.<\/span><\/h3>\n<\/div>\n<ul>\n<li>\n<p>        <img decoding=\"async\" src=\"\/wp-content\/uploads\/2025\/10\/Karine-1-10-8-scaled.jpg\" alt=\"\"><\/p>\n<h3>Karine<\/h3>\n<p><a href=\"\/?product=karine\">DESCUDRE DETALLES<\/a><\/p>\n<\/li>\n<li>\n<p>        <img decoding=\"async\" src=\"\/wp-content\/uploads\/2025\/10\/Hanna-1-10-8-scaled.jpg\" alt=\"\"><\/p>\n<h3>Hanna<\/h3>\n<p><a href=\"\/?product=hanna\">DESCUDRE DETALLES<\/a><\/p>\n<\/li>\n<li>\n<p>        <img decoding=\"async\" src=\"\/wp-content\/uploads\/2025\/10\/Petra-1-10-8-scaled.jpg\" alt=\"\"><\/p>\n<h3>Petra<\/h3>\n<p><a href=\"\/?product=petra\">DESCUDRE DETALLES<\/a><\/p>\n<\/li>\n<li>\n<p>        <img decoding=\"async\" src=\"\/wp-content\/uploads\/2025\/10\/Athalia-10-8-scaled.jpg\" alt=\"\"><\/p>\n<h3>Athalia<\/h3>\n<p><a href=\"\/?product=athalia\">DESCUDRE DETALLES<\/a><\/p>\n<\/li>\n<\/ul>\n<ul>\n<li>\n<p>        <img decoding=\"async\" src=\"\/wp-content\/uploads\/2025\/10\/Alia-y-Venus-1-10-8-scaled.jpg\" alt=\"\"><\/p>\n<h3>Al\u00eda y Venus<\/h3>\n<p><a href=\"\/?product=alia-y-venus\">DESCUDRE DETALLES<\/a><\/p>\n<\/li>\n<li>\n<p>        <img decoding=\"async\" src=\"\/wp-content\/uploads\/2026\/02\/Opal-1-10-8-scaled.jpg\" alt=\"\"><\/p>\n<h3>Opal<\/h3>\n<p><a href=\"\/?product=opal\">DESCUDRE DETALLES<\/a><\/p>\n<\/li>\n<li>\n<p>        <img decoding=\"async\" src=\"\/wp-content\/uploads\/2025\/10\/Middi-1-10-8-scaled.jpg\" alt=\"\"><\/p>\n<h3>Middi<\/h3>\n<p><a href=\"\/?product=middi\">DESCUDRE DETALLES<\/a><\/p>\n<\/li>\n<\/ul>\n<h1>\n<p><strong>El arte de lo exclusivo y la personalizaci\u00f3n.<\/strong><\/p>\n<p>Desde el primer encaje hasta el \u00faltimo detalle, transformamos cada prenda en una experiencia \u00edntima, rom\u00e1ntica y hecha solo para ti.<\/p>\n<\/h1>\n<p><p>\n        <a href=\"\/?page_id=2476\">Agendar cita<\/a>\n    <\/p>\n<\/p>\n<ul>\n<li>\n        <img decoding=\"async\" src=\"\/wp-content\/uploads\/2025\/10\/icono-clientes-2.png\" alt=\"\"><\/p>\n<p><a href=\"https:\/\/api.whatsapp.com\/send\/?phone=573142355242\">Atenci\u00f3n al cliente<\/a><\/p>\n<p>Estamos aqu\u00ed para atenderte<\/p>\n<\/li>\n<li>\n        <img decoding=\"async\" src=\"\/wp-content\/uploads\/2025\/10\/icono-clientes-3.png\" alt=\"\"><\/p>\n<p><a href=\"\/?page_id=4090\">Discreci\u00f3n y Confianza<\/a><\/p>\n<p>Confianza total y m\u00e1xima discreci\u00f3n<\/p>\n<\/li>\n<\/ul>\n<p><!--more--><br \/>\n<!-- {\"type\":\"layout\",\"children\":[{\"type\":\"section\",\"props\":{\"image_position\":\"center-center\",\"style\":\"default\",\"title_breakpoint\":\"xl\",\"title_position\":\"top-left\",\"title_rotation\":\"left\",\"vertical_align\":\"middle\",\"width\":\"default\"},\"children\":[{\"type\":\"row\",\"children\":[{\"type\":\"column\",\"props\":{\"image_position\":\"center-center\",\"position_sticky_breakpoint\":\"m\"},\"children\":[{\"type\":\"headline\",\"props\":{\"content\":\"\n\n<h1 class=\\\"heading h2 custom-font-size custom-font-size--mobile font-weight--default \\\" style=\\\"text-align: center;\\\"><span dir=\\\"auto\\\" style=\\\"vertical-align: inherit;\\\"><span dir=\\\"auto\\\" style=\\\"vertical-align: inherit;\\\"><span dir=\\\"auto\\\" style=\\\"vertical-align: inherit;\\\"><span dir=\\\"auto\\\" style=\\\"vertical-align: inherit;\\\"><span dir=\\\"auto\\\" style=\\\"vertical-align: inherit;\\\"><span dir=\\\"auto\\\" style=\\\"vertical-align: inherit;\\\"><span dir=\\\"auto\\\" style=\\\"vertical-align: inherit;\\\"><span dir=\\\"auto\\\" style=\\\"vertical-align: inherit;\\\">FLEUR DE VENISSE<\/span><\/span><\/span><\/span><\/span><\/span><\/span><\/span><\/h1>\n\n\",\"image_align\":\"left\",\"image_margin\":\"xsmall\",\"margin_bottom\":\"medium\",\"margin_top\":\"medium\",\"maxwidth\":\"2xlarge\",\"position\":\"relative\",\"position_right\":\"0\",\"text_align\":\"center\",\"title_element\":\"h1\"}},{\"type\":\"text\",\"props\":{\"column_breakpoint\":\"m\",\"content\":\"\n\n<h3 style=\\\"text-align: center;\\\"><span class=\\\"selectable-text copyable-text xkrh14z\\\">Una colecci\u00f3n inspirada en la belleza et\u00e9rea de las flores venecianas, en el arte de la seducci\u00f3n sutil y en la elegancia que florece en los momentos m\u00e1s \u00edntimos. Cada pieza ha sido cuidadosamente dise\u00f1ada para mujeres rom\u00e1nticas, sofisticadas y seguras. Fleur de Venise es un tributo a la feminidad en su m\u00e1xima expresi\u00f3n: suave, encantadora y profundamente poderosa. Es la lencer\u00eda que susurra secretos al o\u00eddo, que acaricia la piel y embellece el alma.<\/span><\/h3>\n\n\",\"margin_bottom\":\"default\",\"margin_top\":\"default\",\"text_color\":\"danger\"}}]}]},{\"type\":\"row\",\"children\":[{\"type\":\"column\",\"props\":{\"image_position\":\"center-center\",\"position_sticky_breakpoint\":\"m\"},\"children\":[{\"name\":\"Grid Lightbox\",\"type\":\"grid\",\"children\":[{\"type\":\"grid_item\",\"props\":{\"image\":\"wp-content\/uploads\/2025\/10\/Karine-1-10-8-scaled.jpg\",\"link\":\"?product=karine\",\"link_text\":\"DESCUDRE DETALLES\",\"meta\":\"\",\"title\":\"Karine\"}},{\"type\":\"grid_item\",\"props\":{\"image\":\"wp-content\/uploads\/2025\/10\/Hanna-1-10-8-scaled.jpg\",\"link\":\"?product=hanna\",\"link_text\":\"DESCUDRE DETALLES\",\"meta\":\"\",\"title\":\"Hanna\"}},{\"type\":\"grid_item\",\"props\":{\"image\":\"wp-content\/uploads\/2025\/10\/Petra-1-10-8-scaled.jpg\",\"link\":\"?product=petra\",\"link_text\":\"DESCUDRE DETALLES\",\"meta\":\"\",\"title\":\"Petra\"}},{\"type\":\"grid_item\",\"props\":{\"image\":\"wp-content\/uploads\/2025\/10\/Athalia-10-8-scaled.jpg\",\"link\":\"?product=athalia\",\"link_text\":\"DESCUDRE DETALLES\",\"meta\":\"\",\"title\":\"Athalia\"}}],\"props\":{\"content_column_breakpoint\":\"m\",\"filter_align\":\"left\",\"filter_all\":true,\"filter_grid_breakpoint\":\"m\",\"filter_grid_width\":\"auto\",\"filter_position\":\"top\",\"filter_style\":\"tab\",\"grid_default\":\"1\",\"grid_medium\":\"4\",\"grid_small\":\"2\",\"image_align\":\"top\",\"image_grid_breakpoint\":\"m\",\"image_grid_width\":\"1-2\",\"image_height\":1250,\"image_link\":false,\"image_svg_color\":\"emphasis\",\"image_width\":1000,\"item_animation\":true,\"lightbox\":false,\"lightbox_bg_close\":true,\"link_style\":\"primary\",\"link_text\":\"\",\"margin_bottom\":\"default\",\"margin_top\":\"default\",\"meta_align\":\"below-title\",\"meta_color\":\"muted\",\"meta_element\":\"div\",\"meta_margin\":\"small\",\"meta_style\":\"h6\",\"panel_link\":true,\"parallax_easing\":\"1\",\"show_content\":true,\"show_hover_image\":true,\"show_hover_video\":true,\"show_image\":true,\"show_link\":true,\"show_meta\":true,\"show_title\":true,\"show_video\":true,\"text_align\":\"left\",\"text_align_breakpoint\":\"s\",\"text_align_fallback\":\"center\",\"title_align\":\"top\",\"title_element\":\"h3\",\"title_grid_breakpoint\":\"m\",\"title_grid_width\":\"1-2\",\"title_hover_style\":\"reset\",\"title_link\":true,\"title_style\":\"h3\"}}]}]},{\"type\":\"row\",\"children\":[{\"type\":\"column\",\"props\":{\"image_position\":\"center-center\",\"position_sticky_breakpoint\":\"m\"},\"children\":[{\"name\":\"Grid Lightbox\",\"type\":\"grid\",\"children\":[{\"type\":\"grid_item\",\"props\":{\"image\":\"wp-content\/uploads\/2025\/10\/Alia-y-Venus-1-10-8-scaled.jpg\",\"link\":\"?product=alia-y-venus\",\"link_text\":\"DESCUDRE DETALLES\",\"meta\":\"\",\"title\":\"Al\u00eda y Venus\"}},{\"type\":\"grid_item\",\"props\":{\"image\":\"wp-content\/uploads\/2026\/02\/Opal-1-10-8-scaled.jpg\",\"link\":\"?product=opal\",\"link_text\":\"DESCUDRE DETALLES\",\"meta\":\"\",\"title\":\"Opal\"}},{\"type\":\"grid_item\",\"props\":{\"image\":\"wp-content\/uploads\/2025\/10\/Middi-1-10-8-scaled.jpg\",\"link\":\"?product=middi\",\"link_text\":\"DESCUDRE DETALLES\",\"meta\":\"\",\"title\":\"Middi\"}}],\"props\":{\"content_column_breakpoint\":\"m\",\"filter_align\":\"left\",\"filter_all\":true,\"filter_grid_breakpoint\":\"m\",\"filter_grid_width\":\"auto\",\"filter_position\":\"top\",\"filter_style\":\"tab\",\"grid_default\":\"1\",\"grid_medium\":\"3\",\"grid_small\":\"2\",\"image_align\":\"top\",\"image_grid_breakpoint\":\"m\",\"image_grid_width\":\"1-2\",\"image_height\":1150,\"image_link\":true,\"image_svg_color\":\"emphasis\",\"image_width\":900,\"item_animation\":true,\"lightbox\":false,\"lightbox_bg_close\":true,\"link_style\":\"primary\",\"link_text\":\"\",\"margin_bottom\":\"default\",\"margin_top\":\"default\",\"meta_align\":\"below-title\",\"meta_color\":\"muted\",\"meta_element\":\"div\",\"meta_margin\":\"small\",\"meta_style\":\"h6\",\"panel_link\":true,\"parallax_easing\":\"1\",\"show_content\":true,\"show_hover_image\":true,\"show_hover_video\":true,\"show_image\":true,\"show_link\":true,\"show_meta\":true,\"show_title\":true,\"show_video\":true,\"text_align\":\"left\",\"text_align_breakpoint\":\"s\",\"text_align_fallback\":\"center\",\"title_align\":\"top\",\"title_element\":\"h3\",\"title_grid_breakpoint\":\"m\",\"title_grid_width\":\"1-2\",\"title_hover_style\":\"reset\",\"title_link\":true,\"title_style\":\"h3\"}}]}]}],\"name\":\"FLEUR DE VENISSE2027.\"},{\"type\":\"section\",\"props\":{\"image\":\"wp-content\/uploads\/2025\/12\/Encaje-Banner3-1500-x-820-px.png\",\"image_effect\":\"fixed\",\"image_position\":\"center-center\",\"image_size\":\"cover\",\"media_overlay\":\"rgba(252, 250, 250, 0.61)\",\"style\":\"default\",\"title_breakpoint\":\"xl\",\"title_position\":\"top-left\",\"title_rotation\":\"left\",\"vertical_align\":\"middle\",\"width\":\"default\"},\"children\":[{\"type\":\"row\",\"children\":[{\"type\":\"column\",\"props\":{\"image_position\":\"center-center\",\"position_sticky_breakpoint\":\"m\"}}]},{\"type\":\"row\",\"children\":[{\"type\":\"column\",\"props\":{\"image_position\":\"center-center\",\"position_sticky_breakpoint\":\"m\"},\"children\":[{\"type\":\"headline\",\"props\":{\"content\":\"\n\n<p><strong>El arte de lo exclusivo y la personalizaci\u00f3n.<\/strong><\/p>\n\n\\n\n\n<p>Desde el primer encaje hasta el \u00faltimo detalle, transformamos cada prenda en una experiencia \u00edntima, rom\u00e1ntica y hecha solo para ti.<\/p>\n\n\",\"image_align\":\"left\",\"image_margin\":\"xsmall\",\"text_align\":\"center\",\"title_element\":\"h1\"}},{\"type\":\"button\",\"props\":{\"grid_column_gap\":\"small\",\"grid_row_gap\":\"small\",\"margin_bottom\":\"default\",\"margin_top\":\"default\",\"text_align\":\"center\"},\"children\":[{\"type\":\"button_item\",\"props\":{\"button_style\":\"default\",\"content\":\"Agendar cita\",\"dialog_layout\":\"modal\",\"dialog_offcanvas_flip\":true,\"icon_align\":\"left\",\"link\":\"?page_id=2476\"}}]}]}]}],\"name\":\"Sat\u00edn \"},{\"type\":\"section\",\"props\":{\"image_position\":\"center-center\",\"style\":\"muted\",\"title_breakpoint\":\"xl\",\"title_position\":\"top-left\",\"title_rotation\":\"left\",\"vertical_align\":\"middle\",\"width\":\"default\"},\"children\":[{\"type\":\"row\",\"children\":[{\"type\":\"column\",\"props\":{\"image_position\":\"center-center\",\"position_sticky_breakpoint\":\"m\"},\"children\":[{\"name\":\"Nav Style Secondary Subtitles\",\"type\":\"nav\",\"children\":[{\"type\":\"nav_item\",\"props\":{\"content\":\"Atenci\u00f3n al cliente\",\"image\":\"wp-content\/uploads\/2025\/10\/icono-clientes-2.png\",\"link\":\"https:\/\/api.whatsapp.com\/send\/?phone=573142355242\",\"link_target\":true,\"meta\":\"Estamos aqu\u00ed para atenderte\"}},{\"type\":\"nav_item\",\"props\":{\"content\":\"Discreci\u00f3n y Confianza\",\"image\":\"wp-content\/uploads\/2025\/10\/icono-clientes-3.png\",\"link\":\"?page_id=4090\",\"meta\":\"Confianza total y m\u00e1xima discreci\u00f3n\"}}],\"props\":{\"grid\":\"3\",\"grid_column_gap\":\"large\",\"grid_divider\":false,\"grid_row_gap\":\"large\",\"image_margin\":true,\"image_svg_color\":\"primary\",\"image_svg_inline\":true,\"image_vertical_align\":false,\"image_width\":\"50\",\"nav_divider\":false,\"nav_style\":\"secondary\",\"show_image\":true,\"show_meta\":true,\"text_align\":\"center\"}}]}]}],\"name\":\"Iconos\"}],\"version\":\"5.0.28\"} --><\/p>\n","protected":false},"excerpt":{"rendered":"<p>FLEUR DE VENISSE Una colecci\u00f3n inspirada en la belleza et\u00e9rea de las flores venecianas, en el arte de la seducci\u00f3n sutil y en la elegancia que florece en los momentos m\u00e1s \u00edntimos. Cada pieza ha sido cuidadosamente dise\u00f1ada para mujeres rom\u00e1nticas, sofisticadas y seguras. Fleur de Venise es un tributo a la feminidad en su [&hellip;]<\/p>\n","protected":false},"author":1,"featured_media":0,"parent":0,"menu_order":0,"comment_status":"closed","ping_status":"closed","template":"","meta":{"_acf_changed":false,"footnotes":""},"class_list":["post-2685","page","type-page","status-publish","hentry"],"acf":[],"_links":{"self":[{"href":"https:\/\/preludeintime.com\/index.php?rest_route=\/wp\/v2\/pages\/2685","targetHints":{"allow":["GET"]}}],"collection":[{"href":"https:\/\/preludeintime.com\/index.php?rest_route=\/wp\/v2\/pages"}],"about":[{"href":"https:\/\/preludeintime.com\/index.php?rest_route=\/wp\/v2\/types\/page"}],"author":[{"embeddable":true,"href":"https:\/\/preludeintime.com\/index.php?rest_route=\/wp\/v2\/users\/1"}],"replies":[{"embeddable":true,"href":"https:\/\/preludeintime.com\/index.php?rest_route=%2Fwp%2Fv2%2Fcomments&post=2685"}],"version-history":[{"count":36,"href":"https:\/\/preludeintime.com\/index.php?rest_route=\/wp\/v2\/pages\/2685\/revisions"}],"predecessor-version":[{"id":4786,"href":"https:\/\/preludeintime.com\/index.php?rest_route=\/wp\/v2\/pages\/2685\/revisions\/4786"}],"wp:attachment":[{"href":"https:\/\/preludeintime.com\/index.php?rest_route=%2Fwp%2Fv2%2Fmedia&parent=2685"}],"curies":[{"name":"wp","href":"https:\/\/api.w.org\/{rel}","templated":true}]}}