{"id":2463,"date":"2025-10-24T14:43:27","date_gmt":"2025-10-24T14:43:27","guid":{"rendered":"https:\/\/preludeintime.com\/?page_id=2463"},"modified":"2026-02-12T16:08:04","modified_gmt":"2026-02-12T16:08:04","slug":"nosotros","status":"publish","type":"page","link":"https:\/\/preludeintime.com\/?page_id=2463","title":{"rendered":"Nosotros"},"content":{"rendered":"<h3>\n<p>Prop\u00f3sito<\/p>\n<\/h3>\n<div>\n<h5><span dir=\"auto\" style=\"vertical-align: inherit;\"><span dir=\"auto\" style=\"vertical-align: inherit;\"><span dir=\"auto\" style=\"vertical-align: inherit;\"><span dir=\"auto\" style=\"vertical-align: inherit;\">SOFISTICACI\u00d3N DE LO EXCLUSIVO Y EL ARTE DE LA PERSONALIZACI\u00d3N.<\/span><\/span><\/span><\/span><\/h5>\n<p style=\"text-align: left;\"><span dir=\"auto\" style=\"vertical-align: inherit;\"><strong><span dir=\"auto\" style=\"vertical-align: inherit;\"><span dir=\"auto\" style=\"vertical-align: inherit;\">Pr\u00e9lude Intime<\/span><\/span><\/strong><span dir=\"auto\" style=\"vertical-align: inherit;\"><span dir=\"auto\" style=\"vertical-align: inherit;\"> es una marca colombiana, que redefine la lencer\u00eda con un enfoque de moda a la carta, donde cada dise\u00f1o es creado para realzar la esencia de la mujer contempor\u00e1nea, elegante, sutilmente sensual y atemporalmente sofisticada.<\/span><\/span><\/span><\/p>\n<p style=\"text-align: left;\"><span dir=\"auto\" style=\"vertical-align: inherit;\"><span dir=\"auto\" style=\"vertical-align: inherit;\"><span dir=\"auto\" style=\"vertical-align: inherit;\">Nuestro concepto de lujo accesible combina exclusividad y personalizaci\u00f3n, ofreciendo piezas que expresan estilo, distinci\u00f3n y car\u00e1cter.<\/span><\/span><\/span><\/p>\n<\/div>\n<p><p>\n        <a href=\"\/?page_id=2469\">DESCUBRE TU AJUAR<\/a>\n    <\/p>\n<\/p>\n<p><img decoding=\"async\" src=\"\/wp-content\/uploads\/2025\/11\/proposito-2-950-x-1100-px.png\" alt=\"\"><\/p>\n<div>\n<p>        <img decoding=\"async\" src=\"\/wp-content\/uploads\/2025\/12\/Claudia-Bernal2650-x-900-px.png\" alt=\"\"><\/p>\n<h3>Claudia Bernal <\/h3>\n<p>Pr\u00e9lude Intime<\/p>\n<div>\n<p><span class=\"selectable-text copyable-text xkrh14z\"><span dir=\"auto\" style=\"vertical-align: inherit;\"><span dir=\"auto\" style=\"vertical-align: inherit;\"><span dir=\"auto\" style=\"vertical-align: inherit;\"><span dir=\"auto\" style=\"vertical-align: inherit;\"><span dir=\"auto\" style=\"vertical-align: inherit;\"><span dir=\"auto\" style=\"vertical-align: inherit;\"><span dir=\"auto\" style=\"vertical-align: inherit;\"><span dir=\"auto\" style=\"vertical-align: inherit;\"><span dir=\"auto\" style=\"vertical-align: inherit;\"><span dir=\"auto\" style=\"vertical-align: inherit;\"><span dir=\"auto\" style=\"vertical-align: inherit;\"><span dir=\"auto\" style=\"vertical-align: inherit;\"><span dir=\"auto\" style=\"vertical-align: inherit;\"><span dir=\"auto\" style=\"vertical-align: inherit;\"><span dir=\"auto\" style=\"vertical-align: inherit;\"><span dir=\"auto\" style=\"vertical-align: inherit;\"><span dir=\"auto\" style=\"vertical-align: inherit;\"><span dir=\"auto\" style=\"vertical-align: inherit;\"><span dir=\"auto\" style=\"vertical-align: inherit;\"><span dir=\"auto\" style=\"vertical-align: inherit;\"><span dir=\"auto\" style=\"vertical-align: inherit;\"><span dir=\"auto\" style=\"vertical-align: inherit;\">Dise\u00f1adora de modas apasionada por la lencer\u00eda y el universo \u00edntimo femenino, con m\u00e1s de 25 a\u00f1os de experiencia en el sector. Siempre ha buscado la elegancia, la sofisticaci\u00f3n, el romanticismo y la ternura en las piezas de lencer\u00eda que dise\u00f1a.<\/span><\/span><\/span><\/span><\/span><\/span><\/span><\/span><\/span><\/span><\/span><\/span><\/span><\/span><\/span><\/span><\/span><\/span><\/span><\/span><\/span><\/span><\/span><\/p>\n<p><span class=\"selectable-text copyable-text xkrh14z\"><span dir=\"auto\" style=\"vertical-align: inherit;\"><span dir=\"auto\" style=\"vertical-align: inherit;\"><span dir=\"auto\" style=\"vertical-align: inherit;\"><span dir=\"auto\" style=\"vertical-align: inherit;\"><span dir=\"auto\" style=\"vertical-align: inherit;\"><span dir=\"auto\" style=\"vertical-align: inherit;\"><span dir=\"auto\" style=\"vertical-align: inherit;\"><span dir=\"auto\" style=\"vertical-align: inherit;\"><span dir=\"auto\" style=\"vertical-align: inherit;\"><span dir=\"auto\" style=\"vertical-align: inherit;\"><span dir=\"auto\" style=\"vertical-align: inherit;\"><span dir=\"auto\" style=\"vertical-align: inherit;\"><span dir=\"auto\" style=\"vertical-align: inherit;\"><span dir=\"auto\" style=\"vertical-align: inherit;\"><span dir=\"auto\" style=\"vertical-align: inherit;\"><span dir=\"auto\" style=\"vertical-align: inherit;\"><span dir=\"auto\" style=\"vertical-align: inherit;\"><span dir=\"auto\" style=\"vertical-align: inherit;\"><span dir=\"auto\" style=\"vertical-align: inherit;\"><span dir=\"auto\" style=\"vertical-align: inherit;\"><span dir=\"auto\" style=\"vertical-align: inherit;\"><span dir=\"auto\" style=\"vertical-align: inherit;\">A lo largo de su trayectoria profesional, ha trabajado con empresas nacionales e internacionales, en el desarrollo de colecciones.<\/span><\/span><\/span><\/span><\/span><\/span><\/span><\/span><\/span><\/span><\/span><\/span><\/span><\/span><\/span><\/span><\/span><\/span><\/span><\/span><\/span><\/span><\/span><\/p>\n<p><span class=\"selectable-text copyable-text xkrh14z\"><span dir=\"auto\" style=\"vertical-align: inherit;\"><span dir=\"auto\" style=\"vertical-align: inherit;\"><span dir=\"auto\" style=\"vertical-align: inherit;\"><span dir=\"auto\" style=\"vertical-align: inherit;\"><span dir=\"auto\" style=\"vertical-align: inherit;\"><span dir=\"auto\" style=\"vertical-align: inherit;\"><span dir=\"auto\" style=\"vertical-align: inherit;\"><span dir=\"auto\" style=\"vertical-align: inherit;\"><span dir=\"auto\" style=\"vertical-align: inherit;\"><span dir=\"auto\" style=\"vertical-align: inherit;\"><span dir=\"auto\" style=\"vertical-align: inherit;\"><span dir=\"auto\" style=\"vertical-align: inherit;\"><span dir=\"auto\" style=\"vertical-align: inherit;\"><span dir=\"auto\" style=\"vertical-align: inherit;\"><span dir=\"auto\" style=\"vertical-align: inherit;\"><span dir=\"auto\" style=\"vertical-align: inherit;\"><span dir=\"auto\" style=\"vertical-align: inherit;\"><span dir=\"auto\" style=\"vertical-align: inherit;\"><span dir=\"auto\" style=\"vertical-align: inherit;\"><span dir=\"auto\" style=\"vertical-align: inherit;\"><span dir=\"auto\" style=\"vertical-align: inherit;\"><span dir=\"auto\" style=\"vertical-align: inherit;\">Hoy Claudia lidera Pr\u00e9lude Intime, un sello personal que une la alta costura, la artesan\u00eda y el dise\u00f1o emocional, para crear piezas \u00fanicas que celebran la feminidad en su forma m\u00e1s aut\u00e9ntica.<\/span><\/span><\/span><\/span><\/span><\/span><\/span><\/span><\/span><\/span><\/span><\/span><\/span><\/span><\/span><\/span><\/span><\/span><\/span><\/span><\/span><\/span><\/span><\/p>\n<\/p>\n<\/div>\n<p><a href=\"\/?page_id=2476\">AGENDAR VISITA<\/a><\/p>\n<\/div>\n<h1>\n<h2 style=\"text-align: center;\"><span class=\"selectable-text copyable-text xkrh14z\"><span dir=\"auto\" style=\"vertical-align: inherit;\"><span dir=\"auto\" style=\"vertical-align: inherit;\"><strong><span dir=\"auto\" style=\"vertical-align: inherit;\"><span dir=\"auto\" style=\"vertical-align: inherit;\">&#8220;Un universo de texturas, encajes y sedas para so\u00f1ar despierta.&#8221;<\/span><\/span><\/strong><br \/><span dir=\"auto\" style=\"vertical-align: inherit;\"><span dir=\"auto\" style=\"vertical-align: inherit;\"> Explora nuestras propuestas y descubre piezas \u00fanicas creadas para celebrar el amor, la feminidad y tu propia belleza.<\/span><\/span><br \/><\/span><\/span><\/span><\/h2>\n<\/h1>\n<p><p>\n        <a href=\"\/?page_id=2469\">DESCUBRE TU AJUAR<\/a>\n    <\/p>\n<\/p>\n<ul>\n<li>\n        <img decoding=\"async\" src=\"\/wp-content\/uploads\/2025\/10\/icono-clientes-2.png\" alt=\"\"><\/p>\n<p><a href=\"https:\/\/api.whatsapp.com\/send\/?phone=573142355242\">Atenci\u00f3n al cliente<\/a><\/p>\n<p>Estamos aqu\u00ed para atenderte<\/p>\n<\/li>\n<li>\n        <img decoding=\"async\" src=\"\/wp-content\/uploads\/2025\/10\/icono-clientes-3.png\" alt=\"\"><\/p>\n<p><a href=\"\/?page_id=4090\">Discreci\u00f3n y Confianza<\/a><\/p>\n<p>Confianza total y m\u00e1xima discreci\u00f3n<\/p>\n<\/li>\n<\/ul>\n<h1>\n<p style=\"text-align: center;\"><strong><span dir=\"auto\" style=\"vertical-align: inherit;\"><span dir=\"auto\" style=\"vertical-align: inherit;\">Lencer\u00eda creada para contar tu historia.<\/span><\/span><\/strong><\/p>\n<p style=\"text-align: center;\"><span dir=\"auto\" style=\"vertical-align: inherit;\"><span dir=\"auto\" style=\"vertical-align: inherit;\">Piezas \u00fanicas, confeccionadas a medida,<br \/>que celebran tu feminidad y te acompa\u00f1an<br \/>en los momentos m\u00e1s inolvidables de tu vida.<\/span><\/span><\/p>\n<\/h1>\n<p><!--more--><br \/>\n<!-- {\"type\":\"layout\",\"children\":[{\"type\":\"section\",\"props\":{\"image_position\":\"center-center\",\"padding_bottom\":\"small\",\"padding_top\":\"none\",\"style\":\"muted\",\"title_breakpoint\":\"xl\",\"title_position\":\"top-left\",\"title_rotation\":\"left\",\"vertical_align\":\"middle\",\"width\":\"default\"},\"children\":[{\"type\":\"row\",\"children\":[{\"type\":\"column\",\"props\":{\"image_position\":\"center-center\",\"position_sticky_breakpoint\":\"m\"}}]},{\"type\":\"row\",\"props\":{\"layout\":\"1-2,1-2\"},\"children\":[{\"type\":\"column\",\"props\":{\"image_position\":\"center-center\",\"position_sticky_breakpoint\":\"m\",\"width_medium\":\"1-2\"},\"children\":[{\"type\":\"headline\",\"props\":{\"content\":\"\n\n<p>Prop\u00f3sito<\/p>\n\n\",\"image_align\":\"left\",\"image_margin\":\"xsmall\",\"margin_bottom\":\"remove\",\"margin_top\":\"xlarge\",\"title_color\":\"primary\",\"title_element\":\"h3\",\"title_style\":\"heading-medium\"}},{\"type\":\"text\",\"props\":{\"column_breakpoint\":\"m\",\"content\":\"\n\n<h5><span dir=\\\"auto\\\" style=\\\"vertical-align: inherit;\\\"><span dir=\\\"auto\\\" style=\\\"vertical-align: inherit;\\\"><span dir=\\\"auto\\\" style=\\\"vertical-align: inherit;\\\"><span dir=\\\"auto\\\" style=\\\"vertical-align: inherit;\\\">SOFISTICACI\u00d3N DE LO EXCLUSIVO Y EL ARTE DE LA PERSONALIZACI\u00d3N.<\/span><\/span><\/span><\/span><\/h5>\n\n\\n\n\n<p style=\\\"text-align: left;\\\"><span dir=\\\"auto\\\" style=\\\"vertical-align: inherit;\\\"><strong><span dir=\\\"auto\\\" style=\\\"vertical-align: inherit;\\\"><span dir=\\\"auto\\\" style=\\\"vertical-align: inherit;\\\">Pr\u00e9lude Intime<\/span><\/span><\/strong><span dir=\\\"auto\\\" style=\\\"vertical-align: inherit;\\\"><span dir=\\\"auto\\\" style=\\\"vertical-align: inherit;\\\"> es una marca colombiana, que redefine la lencer\u00eda con un enfoque de moda a la carta, donde cada dise\u00f1o es creado para realzar la esencia de la mujer contempor\u00e1nea, elegante, sutilmente sensual y atemporalmente sofisticada.<\/span><\/span><\/span><\/p>\n\n\\n\n\n<p style=\\\"text-align: left;\\\"><span dir=\\\"auto\\\" style=\\\"vertical-align: inherit;\\\"><span dir=\\\"auto\\\" style=\\\"vertical-align: inherit;\\\"><span dir=\\\"auto\\\" style=\\\"vertical-align: inherit;\\\">Nuestro concepto de lujo accesible combina exclusividad y personalizaci\u00f3n, ofreciendo piezas que expresan estilo, distinci\u00f3n y car\u00e1cter.<\/span><\/span><\/span><\/p>\n\n\",\"dropcap\":false,\"margin_bottom\":\"large\",\"margin_top\":\"large\",\"maxwidth\":\"large\"}},{\"type\":\"button\",\"props\":{\"grid_column_gap\":\"small\",\"grid_row_gap\":\"small\",\"margin_bottom\":\"large\",\"margin_top\":\"large\",\"text_align\":\"left\"},\"children\":[{\"type\":\"button_item\",\"props\":{\"button_style\":\"primary\",\"content\":\"DESCUBRE TU AJUAR\",\"dialog_layout\":\"modal\",\"dialog_offcanvas_flip\":true,\"icon_align\":\"left\",\"link\":\"?page_id=2469\"}}]}]},{\"type\":\"column\",\"props\":{\"image_position\":\"center-center\",\"position_sticky_breakpoint\":\"m\",\"width_medium\":\"1-2\"},\"children\":[{\"type\":\"image\",\"props\":{\"image\":\"wp-content\/uploads\/2025\/11\/proposito-2-950-x-1100-px.png\",\"image_border\":\"rounded\",\"image_box_shadow\":\"medium\",\"image_height\":680,\"image_svg_color\":\"emphasis\",\"margin_bottom\":\"default\",\"margin_top\":\"default\"}}]}]}],\"name\":\"Nosotros\"},{\"type\":\"section\",\"props\":{\"id\":\"CB1\",\"image_position\":\"center-center\",\"style\":\"default\",\"title_breakpoint\":\"xl\",\"title_position\":\"top-left\",\"title_rotation\":\"left\",\"vertical_align\":\"middle\",\"width\":\"default\"},\"children\":[{\"type\":\"row\",\"children\":[{\"type\":\"column\",\"props\":{\"image_position\":\"center-center\",\"position_sticky_breakpoint\":\"m\"},\"children\":[{\"name\":\"Panel Content Columns Image Right\",\"type\":\"panel\",\"props\":{\"content\":\"\n\n<p><span class=\\\"selectable-text copyable-text xkrh14z\\\"><span dir=\\\"auto\\\" style=\\\"vertical-align: inherit;\\\"><span dir=\\\"auto\\\" style=\\\"vertical-align: inherit;\\\"><span dir=\\\"auto\\\" style=\\\"vertical-align: inherit;\\\"><span dir=\\\"auto\\\" style=\\\"vertical-align: inherit;\\\"><span dir=\\\"auto\\\" style=\\\"vertical-align: inherit;\\\"><span dir=\\\"auto\\\" style=\\\"vertical-align: inherit;\\\"><span dir=\\\"auto\\\" style=\\\"vertical-align: inherit;\\\"><span dir=\\\"auto\\\" style=\\\"vertical-align: inherit;\\\"><span dir=\\\"auto\\\" style=\\\"vertical-align: inherit;\\\"><span dir=\\\"auto\\\" style=\\\"vertical-align: inherit;\\\"><span dir=\\\"auto\\\" style=\\\"vertical-align: inherit;\\\"><span dir=\\\"auto\\\" style=\\\"vertical-align: inherit;\\\"><span dir=\\\"auto\\\" style=\\\"vertical-align: inherit;\\\"><span dir=\\\"auto\\\" style=\\\"vertical-align: inherit;\\\"><span dir=\\\"auto\\\" style=\\\"vertical-align: inherit;\\\"><span dir=\\\"auto\\\" style=\\\"vertical-align: inherit;\\\"><span dir=\\\"auto\\\" style=\\\"vertical-align: inherit;\\\"><span dir=\\\"auto\\\" style=\\\"vertical-align: inherit;\\\"><span dir=\\\"auto\\\" style=\\\"vertical-align: inherit;\\\"><span dir=\\\"auto\\\" style=\\\"vertical-align: inherit;\\\"><span dir=\\\"auto\\\" style=\\\"vertical-align: inherit;\\\"><span dir=\\\"auto\\\" style=\\\"vertical-align: inherit;\\\">Dise\u00f1adora de modas apasionada por la lencer\u00eda y el universo \u00edntimo femenino, con m\u00e1s de 25 a\u00f1os de experiencia en el sector. Siempre ha buscado la elegancia, la sofisticaci\u00f3n, el romanticismo y la ternura en las piezas de lencer\u00eda que dise\u00f1a.<\/span><\/span><\/span><\/span><\/span><\/span><\/span><\/span><\/span><\/span><\/span><\/span><\/span><\/span><\/span><\/span><\/span><\/span><\/span><\/span><\/span><\/span><\/span><\/p>\n\n\\n\n\n<p><span class=\\\"selectable-text copyable-text xkrh14z\\\"><span dir=\\\"auto\\\" style=\\\"vertical-align: inherit;\\\"><span dir=\\\"auto\\\" style=\\\"vertical-align: inherit;\\\"><span dir=\\\"auto\\\" style=\\\"vertical-align: inherit;\\\"><span dir=\\\"auto\\\" style=\\\"vertical-align: inherit;\\\"><span dir=\\\"auto\\\" style=\\\"vertical-align: inherit;\\\"><span dir=\\\"auto\\\" style=\\\"vertical-align: inherit;\\\"><span dir=\\\"auto\\\" style=\\\"vertical-align: inherit;\\\"><span dir=\\\"auto\\\" style=\\\"vertical-align: inherit;\\\"><span dir=\\\"auto\\\" style=\\\"vertical-align: inherit;\\\"><span dir=\\\"auto\\\" style=\\\"vertical-align: inherit;\\\"><span dir=\\\"auto\\\" style=\\\"vertical-align: inherit;\\\"><span dir=\\\"auto\\\" style=\\\"vertical-align: inherit;\\\"><span dir=\\\"auto\\\" style=\\\"vertical-align: inherit;\\\"><span dir=\\\"auto\\\" style=\\\"vertical-align: inherit;\\\"><span dir=\\\"auto\\\" style=\\\"vertical-align: inherit;\\\"><span dir=\\\"auto\\\" style=\\\"vertical-align: inherit;\\\"><span dir=\\\"auto\\\" style=\\\"vertical-align: inherit;\\\"><span dir=\\\"auto\\\" style=\\\"vertical-align: inherit;\\\"><span dir=\\\"auto\\\" style=\\\"vertical-align: inherit;\\\"><span dir=\\\"auto\\\" style=\\\"vertical-align: inherit;\\\"><span dir=\\\"auto\\\" style=\\\"vertical-align: inherit;\\\"><span dir=\\\"auto\\\" style=\\\"vertical-align: inherit;\\\">A lo largo de su trayectoria profesional, ha trabajado con empresas nacionales e internacionales, en el desarrollo de colecciones.<\/span><\/span><\/span><\/span><\/span><\/span><\/span><\/span><\/span><\/span><\/span><\/span><\/span><\/span><\/span><\/span><\/span><\/span><\/span><\/span><\/span><\/span><\/span><\/p>\n\n\\n\n\n<p><span class=\\\"selectable-text copyable-text xkrh14z\\\"><span dir=\\\"auto\\\" style=\\\"vertical-align: inherit;\\\"><span dir=\\\"auto\\\" style=\\\"vertical-align: inherit;\\\"><span dir=\\\"auto\\\" style=\\\"vertical-align: inherit;\\\"><span dir=\\\"auto\\\" style=\\\"vertical-align: inherit;\\\"><span dir=\\\"auto\\\" style=\\\"vertical-align: inherit;\\\"><span dir=\\\"auto\\\" style=\\\"vertical-align: inherit;\\\"><span dir=\\\"auto\\\" style=\\\"vertical-align: inherit;\\\"><span dir=\\\"auto\\\" style=\\\"vertical-align: inherit;\\\"><span dir=\\\"auto\\\" style=\\\"vertical-align: inherit;\\\"><span dir=\\\"auto\\\" style=\\\"vertical-align: inherit;\\\"><span dir=\\\"auto\\\" style=\\\"vertical-align: inherit;\\\"><span dir=\\\"auto\\\" style=\\\"vertical-align: inherit;\\\"><span dir=\\\"auto\\\" style=\\\"vertical-align: inherit;\\\"><span dir=\\\"auto\\\" style=\\\"vertical-align: inherit;\\\"><span dir=\\\"auto\\\" style=\\\"vertical-align: inherit;\\\"><span dir=\\\"auto\\\" style=\\\"vertical-align: inherit;\\\"><span dir=\\\"auto\\\" style=\\\"vertical-align: inherit;\\\"><span dir=\\\"auto\\\" style=\\\"vertical-align: inherit;\\\"><span dir=\\\"auto\\\" style=\\\"vertical-align: inherit;\\\"><span dir=\\\"auto\\\" style=\\\"vertical-align: inherit;\\\"><span dir=\\\"auto\\\" style=\\\"vertical-align: inherit;\\\"><span dir=\\\"auto\\\" style=\\\"vertical-align: inherit;\\\">Hoy Claudia lidera Pr\u00e9lude Intime, un sello personal que une la alta costura, la artesan\u00eda y el dise\u00f1o emocional, para crear piezas \u00fanicas que celebran la feminidad en su forma m\u00e1s aut\u00e9ntica.<\/span><\/span><\/span><\/span><\/span><\/span><\/span><\/span><\/span><\/span><\/span><\/span><\/span><\/span><\/span><\/span><\/span><\/span><\/span><\/span><\/span><\/span><\/span><\/p>\n\n\\n\n\n\n\n\",\"content_align\":true,\"content_column\":\"1-2\",\"content_column_breakpoint\":\"s\",\"content_dropcap\":true,\"content_margin\":\"medium\",\"id\":\"CB1\",\"image\":\"wp-content\/uploads\/2025\/12\/Claudia-Bernal2650-x-900-px.png\",\"image_align\":\"left\",\"image_box_decoration_inverse\":false,\"image_grid_breakpoint\":\"m\",\"image_grid_width\":\"2-5\",\"image_svg_color\":\"emphasis\",\"image_vertical_align\":true,\"image_width\":\"900\",\"link\":\"?page_id=2476\",\"link_margin\":\"medium\",\"link_style\":\"primary\",\"link_text\":\"AGENDAR VISITA\",\"margin_bottom\":\"default\",\"margin_top\":\"default\",\"meta\":\"Pr\u00e9lude Intime\",\"meta_align\":\"above-title\",\"meta_color\":\"primary\",\"meta_element\":\"div\",\"meta_margin\":\"medium\",\"meta_style\":\"text-meta\",\"panel_image_no_padding\":true,\"text_align\":\"left\",\"title\":\"Claudia Bernal \",\"title_align\":\"top\",\"title_element\":\"h3\",\"title_grid_breakpoint\":\"m\",\"title_grid_width\":\"1-2\",\"title_hover_style\":\"reset\",\"title_style\":\"h1\"}}]}],\"props\":{\"id\":\"CB1\"}}]},{\"type\":\"section\",\"props\":{\"image\":\"wp-content\/uploads\/2025\/12\/Encaje-Banner3-1500-x-820-px.png\",\"image_effect\":\"fixed\",\"image_position\":\"center-center\",\"image_size\":\"cover\",\"media_background\":\"rgba(252, 249, 249, 0.01)\",\"media_overlay\":\"rgba(251, 249, 249, 0.78)\",\"style\":\"muted\",\"title_breakpoint\":\"xl\",\"title_position\":\"top-left\",\"title_rotation\":\"left\",\"vertical_align\":\"middle\",\"width\":\"default\"},\"children\":[{\"type\":\"row\",\"children\":[{\"type\":\"column\",\"props\":{\"image_position\":\"center-center\",\"position_sticky_breakpoint\":\"m\"},\"children\":[{\"type\":\"headline\",\"props\":{\"content\":\"\n\n<h2 style=\\\"text-align: center;\\\"><span class=\\\"selectable-text copyable-text xkrh14z\\\"><span dir=\\\"auto\\\" style=\\\"vertical-align: inherit;\\\"><span dir=\\\"auto\\\" style=\\\"vertical-align: inherit;\\\"><strong><span dir=\\\"auto\\\" style=\\\"vertical-align: inherit;\\\"><span dir=\\\"auto\\\" style=\\\"vertical-align: inherit;\\\">\\\"Un universo de texturas, encajes y sedas para so\u00f1ar despierta.\\\"<\/span><\/span><\/strong><br \/><span dir=\\\"auto\\\" style=\\\"vertical-align: inherit;\\\"><span dir=\\\"auto\\\" style=\\\"vertical-align: inherit;\\\"> Explora nuestras propuestas y descubre piezas \u00fanicas creadas para celebrar el amor, la feminidad y tu propia belleza.<\/span><\/span><br \/><\/span><\/span><\/span><\/h2>\n\n\",\"image_align\":\"left\",\"image_margin\":\"xsmall\",\"margin_bottom\":\"medium\",\"margin_top\":\"medium\",\"maxwidth\":\"2xlarge\",\"position\":\"relative\",\"position_right\":\"0\",\"text_align\":\"center\",\"title_element\":\"h1\"}},{\"type\":\"button\",\"props\":{\"fullwidth\":false,\"grid_column_gap\":\"small\",\"grid_row_gap\":\"small\",\"margin_bottom\":\"medium\",\"margin_top\":\"medium\",\"text_align\":\"center\"},\"children\":[{\"type\":\"button_item\",\"props\":{\"button_style\":\"default\",\"content\":\"DESCUBRE TU AJUAR\",\"dialog_layout\":\"modal\",\"dialog_offcanvas_flip\":true,\"icon\":\"\",\"icon_align\":\"left\",\"link\":\"?page_id=2469\"}}]}]}]}],\"name\":\"base\"},{\"type\":\"section\",\"props\":{\"image_position\":\"center-center\",\"overlap\":false,\"style\":\"default\",\"title_breakpoint\":\"xl\",\"title_position\":\"top-left\",\"title_rotation\":\"left\",\"vertical_align\":\"middle\",\"width\":\"default\"},\"children\":[{\"type\":\"row\",\"children\":[{\"type\":\"column\",\"props\":{\"image_position\":\"center-center\",\"position_sticky_breakpoint\":\"m\"},\"children\":[{\"name\":\"Nav Style Secondary Subtitles\",\"type\":\"nav\",\"children\":[{\"type\":\"nav_item\",\"props\":{\"content\":\"Atenci\u00f3n al cliente\",\"image\":\"wp-content\/uploads\/2025\/10\/icono-clientes-2.png\",\"link\":\"https:\/\/api.whatsapp.com\/send\/?phone=573142355242\",\"link_target\":true,\"meta\":\"Estamos aqu\u00ed para atenderte\"}},{\"type\":\"nav_item\",\"props\":{\"content\":\"Discreci\u00f3n y Confianza\",\"image\":\"wp-content\/uploads\/2025\/10\/icono-clientes-3.png\",\"link\":\"?page_id=4090\",\"meta\":\"Confianza total y m\u00e1xima discreci\u00f3n\"}}],\"props\":{\"grid\":\"3\",\"grid_column_gap\":\"large\",\"grid_divider\":false,\"grid_row_gap\":\"large\",\"image_margin\":true,\"image_svg_color\":\"primary\",\"image_svg_inline\":true,\"image_vertical_align\":false,\"image_width\":\"50\",\"nav_divider\":false,\"nav_style\":\"secondary\",\"show_image\":true,\"show_meta\":true,\"text_align\":\"center\"}}]}]}]},{\"type\":\"section\",\"props\":{\"image\":\"wp-content\/uploads\/2025\/12\/Encaje-Banner2-1500-x-820-px.png\",\"image_effect\":\"fixed\",\"image_position\":\"top-center\",\"image_size\":\"cover\",\"media_overlay\":\"rgba(250, 246, 246, 0.67)\",\"style\":\"default\",\"title_breakpoint\":\"xl\",\"title_position\":\"top-left\",\"title_rotation\":\"left\",\"vertical_align\":\"middle\",\"width\":\"default\"},\"children\":[{\"type\":\"row\",\"children\":[{\"type\":\"column\",\"props\":{\"image_position\":\"center-center\",\"position_sticky_breakpoint\":\"m\"},\"children\":[{\"type\":\"headline\",\"props\":{\"content\":\"\n\n<p style=\\\"text-align: center;\\\"><strong><span dir=\\\"auto\\\" style=\\\"vertical-align: inherit;\\\"><span dir=\\\"auto\\\" style=\\\"vertical-align: inherit;\\\">Lencer\u00eda creada para contar tu historia.<\/span><\/span><\/strong><\/p>\n\n\\n\n\n<p style=\\\"text-align: center;\\\"><span dir=\\\"auto\\\" style=\\\"vertical-align: inherit;\\\"><span dir=\\\"auto\\\" style=\\\"vertical-align: inherit;\\\">Piezas \u00fanicas, confeccionadas a medida,<br \/>que celebran tu feminidad y te acompa\u00f1an<br \/>en los momentos m\u00e1s inolvidables de tu vida.<\/span><\/span><\/p>\n\n\",\"image_align\":\"left\",\"image_margin\":\"xsmall\",\"text_align\":\"center\",\"title_element\":\"h1\"}}]}]}],\"name\":\"Encaje \"}],\"version\":\"5.0.12\"} --><\/p>\n","protected":false},"excerpt":{"rendered":"<p>Prop\u00f3sito SOFISTICACI\u00d3N DE LO EXCLUSIVO Y EL ARTE DE LA PERSONALIZACI\u00d3N. Pr\u00e9lude Intime es una marca colombiana, que redefine la lencer\u00eda con un enfoque de moda a la carta, donde cada dise\u00f1o es creado para realzar la esencia de la mujer contempor\u00e1nea, elegante, sutilmente sensual y atemporalmente sofisticada. Nuestro concepto de lujo accesible combina exclusividad [&hellip;]<\/p>\n","protected":false},"author":1,"featured_media":0,"parent":0,"menu_order":0,"comment_status":"closed","ping_status":"closed","template":"","meta":{"_acf_changed":false,"footnotes":""},"class_list":["post-2463","page","type-page","status-publish","hentry"],"acf":[],"_links":{"self":[{"href":"https:\/\/preludeintime.com\/index.php?rest_route=\/wp\/v2\/pages\/2463","targetHints":{"allow":["GET"]}}],"collection":[{"href":"https:\/\/preludeintime.com\/index.php?rest_route=\/wp\/v2\/pages"}],"about":[{"href":"https:\/\/preludeintime.com\/index.php?rest_route=\/wp\/v2\/types\/page"}],"author":[{"embeddable":true,"href":"https:\/\/preludeintime.com\/index.php?rest_route=\/wp\/v2\/users\/1"}],"replies":[{"embeddable":true,"href":"https:\/\/preludeintime.com\/index.php?rest_route=%2Fwp%2Fv2%2Fcomments&post=2463"}],"version-history":[{"count":247,"href":"https:\/\/preludeintime.com\/index.php?rest_route=\/wp\/v2\/pages\/2463\/revisions"}],"predecessor-version":[{"id":4701,"href":"https:\/\/preludeintime.com\/index.php?rest_route=\/wp\/v2\/pages\/2463\/revisions\/4701"}],"wp:attachment":[{"href":"https:\/\/preludeintime.com\/index.php?rest_route=%2Fwp%2Fv2%2Fmedia&parent=2463"}],"curies":[{"name":"wp","href":"https:\/\/api.w.org\/{rel}","templated":true}]}}